{"id":22393,"date":"2025-09-07T15:17:53","date_gmt":"2025-09-07T13:17:53","guid":{"rendered":"https:\/\/cicadagin.com\/?page_id=22393"},"modified":"2025-09-07T15:17:53","modified_gmt":"2025-09-07T13:17:53","slug":"aviso-legales","status":"publish","type":"page","link":"https:\/\/cicadagin.com\/es\/aviso-legales\/","title":{"rendered":"Aviso legales"},"content":{"rendered":"<h1 data-fontsize=\"40\" data-lineheight=\"56\">Aviso legales<\/h1>\r\n<!-- \/wp:post-content -->\r\n\r\n<!-- wp:paragraph -->\r\n<h2 id=\"tw-target-text\" class=\"tw-data-text tw-text-large tw-ta\" dir=\"ltr\" tabindex=\"-1\" role=\"text\" data-placeholder=\"Traduction\" data-ved=\"2ahUKEwi1sbb8usaPAxWFVKQEHSyULl0Q3ewLegQICxAV\" aria-label=\"Texte traduit\u00a0: Informaci\u00f3n del contacto\r\n\r\nDestiler\u00eda Toulon - 4, place Gambetta - 83000 Toulon - Francia - Tel: +33 (0)6 61 84 11 86 - Correo electr\u00f3nico: contact@cicadagin.com\"><span class=\"Y2IQFc\" lang=\"es\">Informaci\u00f3n<\/span> legal relativa al sitio<\/h2>\r\n<p>El sitio web es accesible en la direcci\u00f3n: http\/www.cicadagin.com. Es publicado por la empresa Distillerie de Toulon. El sitio web, as\u00ed como todos los derechos relacionados, son propiedad de la empresa Distillerie de Toulon. Cualquier reproducci\u00f3n, incluso parcial, est\u00e1 sujeta a la autorizaci\u00f3n previa del propietario. Sin embargo, como excepci\u00f3n, se autorizan enlaces de hipertexto simples al sitio sin solicitud espec\u00edfica. Nombre: SAS Distillerie de Toulon. Sede: 4, place Gambetta &#8211; 83000 Toulon. Tel\u00e9fono: 06 61 84 11 86. Correo electr\u00f3nico: contact@cicadagin.com. N\u00famero de registro RCS: 882 005 507 Toulon. N\u00famero de IVA: FR 93882005507. Representante legal: Jean Donnay. La directora editorial y de publicaci\u00f3n es la Sra. Martine Donnay, en calidad de representante legal de SAS Distillerie de Toulon. Alojamiento del sitio web: 1+1 Ionos SARL, 7 place de la Gare, 57200 Sarreguemines, Francia, www.ionos.fr<\/p>\r\n<!-- \/wp:paragraph -->\r\n\r\n<!-- wp:heading -->\r\n<h2>Uso de datos personales recopilados y comentarios<\/h2>\r\n<!-- \/wp:heading -->\r\n\r\n<!-- wp:heading {\"level\":3} \/-->\r\n\r\n<!-- wp:paragraph -->\r\n<p>Al dejar un comentario en nuestro sitio web, se recopilan los datos introducidos en el formulario, as\u00ed como su direcci\u00f3n IP y la cadena de agente de usuario de su navegador, para ayudarnos a detectar comentarios no deseados.<\/p>\r\n<p>Solo tratamos datos personales con fines espec\u00edficos, expl\u00edcitos y leg\u00edtimos. Para ello, Distillerie de Toulon persigue los siguientes fines: &#8211; Gestionar la identidad del cliente o usuario y autenticarlo; &#8211; Gestionar pedidos, facturar y cobrar; &#8211; Prestar servicio de preventa y posventa; &#8211; Tramitar reclamaciones; &#8211; Comunicarse con fines de gesti\u00f3n de clientes; &#8211; Gestionar disputas; &#8211; Operar los servicios. Sus datos se conservan durante el tiempo necesario para cumplir con los fines mencionados anteriormente. En cuanto al tratamiento relacionado con la ejecuci\u00f3n de la transacci\u00f3n, los datos pueden conservarse durante un m\u00e1ximo de tres a\u00f1os a partir de la \u00faltima transacci\u00f3n. Tambi\u00e9n realizamos tratamientos de datos para fines distintos a la ejecuci\u00f3n estricta de las transacciones. En este caso, nos aseguramos de tener un inter\u00e9s leg\u00edtimo en llevar a cabo el tratamiento. Adem\u00e1s, el tratamiento podr\u00e1 estar sujeto, en la medida en que sea necesario, a la recogida de su consentimiento, que podr\u00e1 retirar en cualquier momento. Con este fin, los fines que perseguimos son los siguientes: &#8211; Organizar operaciones de marketing directo, &#8211; Organizar operaciones comerciales, &#8211; Organizar concursos, &#8211; Analizar el uso de ofertas y servicios para estad\u00edsticas, &#8211; Encuestas a clientes o usuarios, &#8211; Analizar el uso de ofertas para realizar propuestas a clientes y usuarios. Sus datos se conservan durante el periodo necesario para cumplir con los fines mencionados anteriormente. Celtic Whisky Compagnie tambi\u00e9n trata sus datos para cumplir con sus obligaciones legales o reglamentarias. Con este fin, los fines que persigue Celtic Whisky Compagnie son los siguientes: &#8211; Conservar los datos necesarios para poder cumplir con las obligaciones legales, &#8211; Gestionar las solicitudes de comunicaci\u00f3n de datos de las autoridades autorizadas Sus datos podr\u00e1n conservarse durante el tiempo necesario para que Distillerie de Toulon pueda cumplir con sus obligaciones legales.<\/p>\r\n<!-- \/wp:paragraph -->\r\n\r\n<!-- wp:heading {\"level\":3} \/-->\r\n\r\n<!-- wp:heading {\"level\":3} \/-->\r\n\r\n<!-- wp:heading {\"level\":3} -->\r\n<h2>Cookies<\/h2>\r\n<p>Si deja un comentario en nuestro sitio, puede optar por guardar su nombre, direcci\u00f3n de correo electr\u00f3nico y sitio web en cookies. Esto es para su comodidad, para que no tenga que volver a introducir esta informaci\u00f3n al dejar otro comentario. Estas cookies caducan al cabo de un a\u00f1o.<\/p>\r\n<p>Si tiene una cuenta e inicia sesi\u00f3n en este sitio, se instalar\u00e1 una cookie temporal para determinar si su navegador acepta cookies. Esta cookie no contiene datos personales y se elimina autom\u00e1ticamente al cerrar el navegador.<\/p>\r\n<p>Al iniciar sesi\u00f3n, instalaremos varias cookies para guardar su informaci\u00f3n de inicio de sesi\u00f3n y sus opciones de visualizaci\u00f3n de pantalla. Las cookies de inicio de sesi\u00f3n duran dos d\u00edas y las de opciones de pantalla, un a\u00f1o. Si selecciona \u00abRecordarme\u00bb, su cookie de inicio de sesi\u00f3n se guardar\u00e1 durante dos semanas. Si cierra sesi\u00f3n, la cookie de inicio de sesi\u00f3n se eliminar\u00e1.<\/p>\r\n<p>Al editar o publicar una publicaci\u00f3n, se guardar\u00e1 una cookie adicional en su navegador. Esta cookie no incluye ning\u00fan dato personal. Simplemente indica el ID de la publicaci\u00f3n que acaba de editar. Caduca al cabo de un d\u00eda.<\/p>\r\n<!-- \/wp:heading -->\r\n\r\n<!-- wp:heading {\"level\":3} -->\r\n<h2>Contenido incrustado de otros sitios web<\/h2>\r\n<p>Los art\u00edculos de este sitio pueden incluir contenido incrustado (p. ej., v\u00eddeos, im\u00e1genes, art\u00edculos, etc.). El contenido incrustado de otros sitios web se comporta exactamente igual que si el visitante hubiera visitado el otro sitio web.<\/p>\r\n<p>Estos sitios web pueden recopilar datos sobre usted, utilizar cookies, integrar herramientas de seguimiento de terceros y rastrear sus interacciones con este contenido incrustado si tiene una cuenta y ha iniciado sesi\u00f3n en ese sitio web.<\/p>\r\n<!-- \/wp:heading -->\r\n\r\n<!-- wp:heading {\"level\":3} \/-->\r\n\r\n<!-- wp:heading -->\r\n<h2>Cu\u00e1nto tiempo almacenamos sus datos<\/h2>\r\n<p>Si deja un comentario, este y sus metadatos se conservan indefinidamente. Esto nos permite reconocer y aprobar autom\u00e1ticamente los comentarios posteriores en lugar de mantenerlos en cola de moderaci\u00f3n.<\/p>\r\n<p>De los usuarios que se registran en nuestro sitio web (si corresponde), tambi\u00e9n almacenamos los datos personales que proporcionan en su perfil de usuario. Todos los usuarios pueden ver, editar o eliminar su informaci\u00f3n personal en cualquier momento (excepto su nombre de usuario). Los administradores del sitio web tambi\u00e9n pueden ver y editar esta informaci\u00f3n.<\/p>\r\n<!-- \/wp:heading -->\r\n\r\n<!-- wp:heading -->\r\n<h2>Sus derechos sobre sus datos<\/h2>\r\n<p>Si tiene una cuenta o ha dejado comentarios en el sitio, puede solicitar recibir un archivo con todos los datos personales que tenemos sobre usted, incluyendo cualquier dato que nos haya proporcionado. Tambi\u00e9n puede solicitar la eliminaci\u00f3n de sus datos personales. Esto no incluye los datos almacenados con fines administrativos, legales o de seguridad.<\/p>\r\n<h2>Transmisi\u00f3n de sus datos personales<\/h2>\r\n<p>Los comentarios de los visitantes pueden revisarse mediante un servicio autom\u00e1tico de detecci\u00f3n de spam.<\/p>\r\n<!-- \/wp:heading -->\r\n\r\n<!-- wp:heading -->\r\n<h2>Informaci\u00f3n del contacto<\/h2>\r\n<p>Destiler\u00eda Toulon &#8211; 4, place Gambetta &#8211; 83000 Toulon &#8211; Francia &#8211; Tel: +33 (0)6 61 84 11 86 &#8211; Correo electr\u00f3nico: contact@cicadagin.com<\/p>","protected":false},"excerpt":{"rendered":"<p>Aviso legales Informaci\u00f3n legal relativa al sitio El sitio web  [&#8230;]<\/p>\n","protected":false},"author":2,"featured_media":0,"parent":0,"menu_order":0,"comment_status":"closed","ping_status":"closed","template":"","meta":{"_acf_changed":false,"footnotes":""},"class_list":["post-22393","page","type-page","status-publish","hentry"],"acf":[],"yoast_head":"<!-- This site is optimized with the Yoast SEO plugin v27.5 - https:\/\/yoast.com\/product\/yoast-seo-wordpress\/ -->\n<title>Aviso legales - Gin Cicada<\/title>\n<meta name=\"robots\" content=\"index, follow, max-snippet:-1, max-image-preview:large, max-video-preview:-1\" \/>\n<link rel=\"canonical\" href=\"https:\/\/cicadagin.com\/es\/aviso-legales\/\" \/>\n<meta property=\"og:locale\" content=\"es_ES\" \/>\n<meta property=\"og:type\" content=\"article\" \/>\n<meta property=\"og:title\" content=\"Aviso legales - Gin Cicada\" \/>\n<meta property=\"og:description\" content=\"Aviso legales Informaci\u00f3n legal relativa al sitio El sitio web [...]\" \/>\n<meta property=\"og:url\" content=\"https:\/\/cicadagin.com\/es\/aviso-legales\/\" \/>\n<meta property=\"og:site_name\" content=\"Gin Cicada\" \/>\n<meta property=\"article:publisher\" content=\"https:\/\/www.facebook.com\/cicadagindeprovence\" \/>\n<meta property=\"og:image\" content=\"https:\/\/cicadagin.com\/wp-content\/uploads\/2019\/12\/Cicada-FB.jpg\" \/>\n\t<meta property=\"og:image:width\" content=\"1159\" \/>\n\t<meta property=\"og:image:height\" content=\"501\" \/>\n\t<meta property=\"og:image:type\" content=\"image\/jpeg\" \/>\n<meta name=\"twitter:card\" content=\"summary_large_image\" \/>\n<meta name=\"twitter:label1\" content=\"Tiempo de lectura\" \/>\n\t<meta name=\"twitter:data1\" content=\"5 minutos\" \/>\n<script type=\"application\/ld+json\" class=\"yoast-schema-graph\">{\"@context\":\"https:\\\/\\\/schema.org\",\"@graph\":[{\"@type\":\"WebPage\",\"@id\":\"https:\\\/\\\/cicadagin.com\\\/es\\\/aviso-legales\\\/\",\"url\":\"https:\\\/\\\/cicadagin.com\\\/es\\\/aviso-legales\\\/\",\"name\":\"Aviso legales - Gin Cicada\",\"isPartOf\":{\"@id\":\"https:\\\/\\\/cicadagin.com\\\/es\\\/#website\"},\"datePublished\":\"2025-09-07T13:17:53+00:00\",\"breadcrumb\":{\"@id\":\"https:\\\/\\\/cicadagin.com\\\/es\\\/aviso-legales\\\/#breadcrumb\"},\"inLanguage\":\"es\",\"potentialAction\":[{\"@type\":\"ReadAction\",\"target\":[\"https:\\\/\\\/cicadagin.com\\\/es\\\/aviso-legales\\\/\"]}]},{\"@type\":\"BreadcrumbList\",\"@id\":\"https:\\\/\\\/cicadagin.com\\\/es\\\/aviso-legales\\\/#breadcrumb\",\"itemListElement\":[{\"@type\":\"ListItem\",\"position\":1,\"name\":\"Accueil\",\"item\":\"https:\\\/\\\/cicadagin.com\\\/es\\\/\"},{\"@type\":\"ListItem\",\"position\":2,\"name\":\"Aviso legales\"}]},{\"@type\":\"WebSite\",\"@id\":\"https:\\\/\\\/cicadagin.com\\\/es\\\/#website\",\"url\":\"https:\\\/\\\/cicadagin.com\\\/es\\\/\",\"name\":\"Gin Cicada\",\"description\":\"Le Gin qui chante la Provence\",\"publisher\":{\"@id\":\"https:\\\/\\\/cicadagin.com\\\/es\\\/#organization\"},\"potentialAction\":[{\"@type\":\"SearchAction\",\"target\":{\"@type\":\"EntryPoint\",\"urlTemplate\":\"https:\\\/\\\/cicadagin.com\\\/es\\\/?s={search_term_string}\"},\"query-input\":{\"@type\":\"PropertyValueSpecification\",\"valueRequired\":true,\"valueName\":\"search_term_string\"}}],\"inLanguage\":\"es\"},{\"@type\":\"Organization\",\"@id\":\"https:\\\/\\\/cicadagin.com\\\/es\\\/#organization\",\"name\":\"Distillerie de Toulon\",\"url\":\"https:\\\/\\\/cicadagin.com\\\/es\\\/\",\"logo\":{\"@type\":\"ImageObject\",\"inLanguage\":\"es\",\"@id\":\"https:\\\/\\\/cicadagin.com\\\/es\\\/#\\\/schema\\\/logo\\\/image\\\/\",\"url\":\"https:\\\/\\\/cicadagin.com\\\/wp-content\\\/uploads\\\/2019\\\/09\\\/Distillerie-Toulon-100x100-2.png\",\"contentUrl\":\"https:\\\/\\\/cicadagin.com\\\/wp-content\\\/uploads\\\/2019\\\/09\\\/Distillerie-Toulon-100x100-2.png\",\"width\":200,\"height\":200,\"caption\":\"Distillerie de Toulon\"},\"image\":{\"@id\":\"https:\\\/\\\/cicadagin.com\\\/es\\\/#\\\/schema\\\/logo\\\/image\\\/\"},\"sameAs\":[\"https:\\\/\\\/www.facebook.com\\\/cicadagindeprovence\",\"https:\\\/\\\/www.instagram.com\\\/cicadagin\\\/\"]}]}<\/script>\n<!-- \/ Yoast SEO plugin. -->","yoast_head_json":{"title":"Aviso legales - Gin Cicada","robots":{"index":"index","follow":"follow","max-snippet":"max-snippet:-1","max-image-preview":"max-image-preview:large","max-video-preview":"max-video-preview:-1"},"canonical":"https:\/\/cicadagin.com\/es\/aviso-legales\/","og_locale":"es_ES","og_type":"article","og_title":"Aviso legales - Gin Cicada","og_description":"Aviso legales Informaci\u00f3n legal relativa al sitio El sitio web [...]","og_url":"https:\/\/cicadagin.com\/es\/aviso-legales\/","og_site_name":"Gin Cicada","article_publisher":"https:\/\/www.facebook.com\/cicadagindeprovence","og_image":[{"width":1159,"height":501,"url":"https:\/\/cicadagin.com\/wp-content\/uploads\/2019\/12\/Cicada-FB.jpg","type":"image\/jpeg"}],"twitter_card":"summary_large_image","twitter_misc":{"Tiempo de lectura":"5 minutos"},"schema":{"@context":"https:\/\/schema.org","@graph":[{"@type":"WebPage","@id":"https:\/\/cicadagin.com\/es\/aviso-legales\/","url":"https:\/\/cicadagin.com\/es\/aviso-legales\/","name":"Aviso legales - Gin Cicada","isPartOf":{"@id":"https:\/\/cicadagin.com\/es\/#website"},"datePublished":"2025-09-07T13:17:53+00:00","breadcrumb":{"@id":"https:\/\/cicadagin.com\/es\/aviso-legales\/#breadcrumb"},"inLanguage":"es","potentialAction":[{"@type":"ReadAction","target":["https:\/\/cicadagin.com\/es\/aviso-legales\/"]}]},{"@type":"BreadcrumbList","@id":"https:\/\/cicadagin.com\/es\/aviso-legales\/#breadcrumb","itemListElement":[{"@type":"ListItem","position":1,"name":"Accueil","item":"https:\/\/cicadagin.com\/es\/"},{"@type":"ListItem","position":2,"name":"Aviso legales"}]},{"@type":"WebSite","@id":"https:\/\/cicadagin.com\/es\/#website","url":"https:\/\/cicadagin.com\/es\/","name":"Gin Cicada","description":"Le Gin qui chante la Provence","publisher":{"@id":"https:\/\/cicadagin.com\/es\/#organization"},"potentialAction":[{"@type":"SearchAction","target":{"@type":"EntryPoint","urlTemplate":"https:\/\/cicadagin.com\/es\/?s={search_term_string}"},"query-input":{"@type":"PropertyValueSpecification","valueRequired":true,"valueName":"search_term_string"}}],"inLanguage":"es"},{"@type":"Organization","@id":"https:\/\/cicadagin.com\/es\/#organization","name":"Distillerie de Toulon","url":"https:\/\/cicadagin.com\/es\/","logo":{"@type":"ImageObject","inLanguage":"es","@id":"https:\/\/cicadagin.com\/es\/#\/schema\/logo\/image\/","url":"https:\/\/cicadagin.com\/wp-content\/uploads\/2019\/09\/Distillerie-Toulon-100x100-2.png","contentUrl":"https:\/\/cicadagin.com\/wp-content\/uploads\/2019\/09\/Distillerie-Toulon-100x100-2.png","width":200,"height":200,"caption":"Distillerie de Toulon"},"image":{"@id":"https:\/\/cicadagin.com\/es\/#\/schema\/logo\/image\/"},"sameAs":["https:\/\/www.facebook.com\/cicadagindeprovence","https:\/\/www.instagram.com\/cicadagin\/"]}]}},"_links":{"self":[{"href":"https:\/\/cicadagin.com\/es\/wp-json\/wp\/v2\/pages\/22393","targetHints":{"allow":["GET"]}}],"collection":[{"href":"https:\/\/cicadagin.com\/es\/wp-json\/wp\/v2\/pages"}],"about":[{"href":"https:\/\/cicadagin.com\/es\/wp-json\/wp\/v2\/types\/page"}],"author":[{"embeddable":true,"href":"https:\/\/cicadagin.com\/es\/wp-json\/wp\/v2\/users\/2"}],"replies":[{"embeddable":true,"href":"https:\/\/cicadagin.com\/es\/wp-json\/wp\/v2\/comments?post=22393"}],"version-history":[{"count":4,"href":"https:\/\/cicadagin.com\/es\/wp-json\/wp\/v2\/pages\/22393\/revisions"}],"predecessor-version":[{"id":22412,"href":"https:\/\/cicadagin.com\/es\/wp-json\/wp\/v2\/pages\/22393\/revisions\/22412"}],"wp:attachment":[{"href":"https:\/\/cicadagin.com\/es\/wp-json\/wp\/v2\/media?parent=22393"}],"curies":[{"name":"wp","href":"https:\/\/api.w.org\/{rel}","templated":true}]}}