{"id":21783,"date":"2020-12-05T17:17:13","date_gmt":"2020-12-05T16:17:13","guid":{"rendered":"https:\/\/cicadagin.com\/encuentra-cicada\/"},"modified":"2025-05-13T18:34:50","modified_gmt":"2025-05-13T16:34:50","slug":"encuentra-cicada","status":"publish","type":"page","link":"https:\/\/cicadagin.com\/es\/encuentra-cicada\/","title":{"rendered":"Encuentra Cicada"},"content":{"rendered":"<p><div class=\"fusion-fullwidth fullwidth-box fusion-builder-row-1 fusion-flex-container hundred-percent-fullwidth non-hundred-percent-height-scrolling\" style=\"--awb-border-radius-top-left:0px;--awb-border-radius-top-right:0px;--awb-border-radius-bottom-right:0px;--awb-border-radius-bottom-left:0px;--awb-padding-right:30px;--awb-padding-left:30px;--awb-flex-wrap:wrap;\" ><div class=\"fusion-builder-row fusion-row fusion-flex-align-items-flex-start fusion-flex-content-wrap\" style=\"width:104% !important;max-width:104% !important;margin-left: calc(-4% \/ 2 );margin-right: calc(-4% \/ 2 );\"><div class=\"fusion-layout-column fusion_builder_column fusion-builder-column-0 fusion_builder_column_1_1 1_1 fusion-flex-column\" style=\"--awb-padding-right:0px;--awb-padding-left:0px;--awb-bg-size:cover;--awb-width-large:100%;--awb-margin-top-large:0px;--awb-spacing-right-large:1.92%;--awb-margin-bottom-large:20px;--awb-spacing-left-large:1.92%;--awb-width-medium:100%;--awb-spacing-right-medium:1.92%;--awb-spacing-left-medium:1.92%;--awb-width-small:100%;--awb-spacing-right-small:1.92%;--awb-spacing-left-small:1.92%;\"><div class=\"fusion-column-wrapper fusion-column-has-shadow fusion-flex-justify-content-flex-start fusion-content-layout-column\"><div class=\"fusion-separator fusion-full-width-sep\" style=\"align-self: center;margin-left: auto;margin-right: auto;margin-top:15px;width:100%;\"><\/div><div class=\"fusion-slider-sc\"><div class=\"fusion-flexslider-loading flexslider flexslider-hover-type-none\" data-slideshow_autoplay=\"1\" data-slideshow_smooth_height=\"0\" data-slideshow_speed=\"7000\" style=\"max-width:100%;height:100%;\"><ul class=\"slides\"><li class=\"image\"><span class=\"fusion-image-hover-element hover-type-none\"><img decoding=\"async\" src=\"https:\/\/cicadagin.com\/wp-content\/uploads\/2019\/12\/Toulon-1854-NEW.jpg\" alt=\"TOULON 1854\" width=\"1980\" height=\"600\" class=\"wp-image-17072\" srcset=\"https:\/\/cicadagin.com\/wp-content\/uploads\/2019\/12\/Toulon-1854-NEW-200x61.jpg 200w, https:\/\/cicadagin.com\/wp-content\/uploads\/2019\/12\/Toulon-1854-NEW-400x121.jpg 400w, https:\/\/cicadagin.com\/wp-content\/uploads\/2019\/12\/Toulon-1854-NEW-600x182.jpg 600w, https:\/\/cicadagin.com\/wp-content\/uploads\/2019\/12\/Toulon-1854-NEW-800x242.jpg 800w, https:\/\/cicadagin.com\/wp-content\/uploads\/2019\/12\/Toulon-1854-NEW-1200x364.jpg 1200w, https:\/\/cicadagin.com\/wp-content\/uploads\/2019\/12\/Toulon-1854-NEW.jpg 1980w\" sizes=\"(max-width: 640px) 100vw, 1980px\" \/><\/span><\/li><\/ul><\/div><\/div><\/div><\/div><\/div><\/div><div class=\"fusion-fullwidth fullwidth-box fusion-builder-row-2 fusion-flex-container hundred-percent-fullwidth non-hundred-percent-height-scrolling\" style=\"--awb-border-radius-top-left:0px;--awb-border-radius-top-right:0px;--awb-border-radius-bottom-right:0px;--awb-border-radius-bottom-left:0px;--awb-padding-right:30px;--awb-padding-left:30px;--awb-flex-wrap:wrap;\" ><div class=\"fusion-builder-row fusion-row fusion-flex-align-items-stretch fusion-flex-content-wrap\" style=\"width:104% !important;max-width:104% !important;margin-left: calc(-4% \/ 2 );margin-right: calc(-4% \/ 2 );\"><div class=\"fusion-layout-column fusion_builder_column fusion-builder-column-1 fusion_builder_column_1_6 1_6 fusion-flex-column\" style=\"--awb-bg-size:cover;--awb-width-large:16.666666666667%;--awb-margin-top-large:0px;--awb-spacing-right-large:11.52%;--awb-margin-bottom-large:20px;--awb-spacing-left-large:11.52%;--awb-width-medium:16.666666666667%;--awb-spacing-right-medium:11.52%;--awb-spacing-left-medium:11.52%;--awb-width-small:100%;--awb-spacing-right-small:1.92%;--awb-spacing-left-small:1.92%;\"><div class=\"fusion-column-wrapper fusion-column-has-shadow fusion-flex-justify-content-flex-start fusion-content-layout-column\"><\/div><\/div><div class=\"fusion-layout-column fusion_builder_column fusion-builder-column-2 fusion_builder_column_2_3 2_3 fusion-flex-column\" style=\"--awb-bg-size:cover;--awb-width-large:66.666666666667%;--awb-margin-top-large:0px;--awb-spacing-right-large:2.88%;--awb-margin-bottom-large:20px;--awb-spacing-left-large:2.88%;--awb-width-medium:66.666666666667%;--awb-spacing-right-medium:2.88%;--awb-spacing-left-medium:2.88%;--awb-width-small:100%;--awb-spacing-right-small:1.92%;--awb-spacing-left-small:1.92%;\"><div class=\"fusion-column-wrapper fusion-column-has-shadow fusion-flex-justify-content-center fusion-content-layout-column\"><div class=\"fusion-text fusion-text-1\"><h1 style=\"text-align: left;\"><span style=\"color: #a4904f;\">Descubra la destiler\u00eda de Gin Cicada en Toulon<\/span><\/h1>\n<\/div><div class=\"fusion-text fusion-text-2\"><p style=\"text-align: justify;\">Le recibimos de martes a s\u00e1bado inclusive de 10 a 12.30 y de 15 a 18.30 y, por supuesto, puede comprar nuestros productos all\u00ed.<\/p>\n<\/div><\/div><\/div><div class=\"fusion-layout-column fusion_builder_column fusion-builder-column-3 fusion_builder_column_1_6 1_6 fusion-flex-column\" style=\"--awb-bg-size:cover;--awb-width-large:16.666666666667%;--awb-margin-top-large:0px;--awb-spacing-right-large:11.52%;--awb-margin-bottom-large:20px;--awb-spacing-left-large:11.52%;--awb-width-medium:16.666666666667%;--awb-spacing-right-medium:11.52%;--awb-spacing-left-medium:11.52%;--awb-width-small:100%;--awb-spacing-right-small:1.92%;--awb-spacing-left-small:1.92%;\"><div class=\"fusion-column-wrapper fusion-column-has-shadow fusion-flex-justify-content-flex-start fusion-content-layout-column\"><\/div><\/div><\/div><\/div><div class=\"fusion-fullwidth fullwidth-box fusion-builder-row-3 fusion-flex-container hundred-percent-fullwidth non-hundred-percent-height-scrolling\" style=\"--awb-border-radius-top-left:0px;--awb-border-radius-top-right:0px;--awb-border-radius-bottom-right:0px;--awb-border-radius-bottom-left:0px;--awb-padding-right:30px;--awb-padding-left:30px;--awb-flex-wrap:wrap;\" ><div class=\"fusion-builder-row fusion-row fusion-flex-align-items-flex-start fusion-flex-content-wrap\" style=\"width:104% !important;max-width:104% !important;margin-left: calc(-4% \/ 2 );margin-right: calc(-4% \/ 2 );\"><div class=\"fusion-layout-column fusion_builder_column fusion-builder-column-4 fusion_builder_column_1_6 1_6 fusion-flex-column\" style=\"--awb-bg-size:cover;--awb-width-large:16.666666666667%;--awb-margin-top-large:0px;--awb-spacing-right-large:11.52%;--awb-margin-bottom-large:20px;--awb-spacing-left-large:11.52%;--awb-width-medium:16.666666666667%;--awb-spacing-right-medium:11.52%;--awb-spacing-left-medium:11.52%;--awb-width-small:100%;--awb-spacing-right-small:1.92%;--awb-spacing-left-small:1.92%;\"><div class=\"fusion-column-wrapper fusion-column-has-shadow fusion-flex-justify-content-flex-start fusion-content-layout-column\"><\/div><\/div><div class=\"fusion-layout-column fusion_builder_column fusion-builder-column-5 fusion_builder_column_1_2 1_2 fusion-flex-column\" style=\"--awb-bg-size:cover;--awb-width-large:50%;--awb-margin-top-large:0px;--awb-spacing-right-large:3.84%;--awb-margin-bottom-large:20px;--awb-spacing-left-large:3.84%;--awb-width-medium:50%;--awb-spacing-right-medium:3.84%;--awb-spacing-left-medium:3.84%;--awb-width-small:100%;--awb-spacing-right-small:1.92%;--awb-spacing-left-small:1.92%;\"><div class=\"fusion-column-wrapper fusion-column-has-shadow fusion-flex-justify-content-center fusion-content-layout-column\"><div class=\"fusion-separator fusion-no-small-visibility fusion-no-medium-visibility fusion-full-width-sep\" style=\"align-self: center;margin-left: auto;margin-right: auto;margin-top:20px;width:100%;\"><\/div><div class=\"fusion-image-element \" style=\"text-align:left;--awb-caption-title-font-family:var(--h2_typography-font-family);--awb-caption-title-font-weight:var(--h2_typography-font-weight);--awb-caption-title-font-style:var(--h2_typography-font-style);--awb-caption-title-size:var(--h2_typography-font-size);--awb-caption-title-transform:var(--h2_typography-text-transform);--awb-caption-title-line-height:var(--h2_typography-line-height);--awb-caption-title-letter-spacing:var(--h2_typography-letter-spacing);\"><span class=\" fusion-imageframe imageframe-none imageframe-1 hover-type-none\"><img decoding=\"async\" width=\"1024\" height=\"479\" alt=\"DISTILLERIE DE TOULON\" title=\"contact-gin-cicada-distillerie- de-toulon\" src=\"https:\/\/cicadagin.com\/wp-content\/uploads\/2019\/11\/contact-gin-cicada-distillerie-de-toulon-1024x479.jpg\" class=\"img-responsive wp-image-21786\" srcset=\"https:\/\/cicadagin.com\/wp-content\/uploads\/2019\/11\/contact-gin-cicada-distillerie-de-toulon-200x94.jpg 200w, https:\/\/cicadagin.com\/wp-content\/uploads\/2019\/11\/contact-gin-cicada-distillerie-de-toulon-400x187.jpg 400w, https:\/\/cicadagin.com\/wp-content\/uploads\/2019\/11\/contact-gin-cicada-distillerie-de-toulon-600x281.jpg 600w, https:\/\/cicadagin.com\/wp-content\/uploads\/2019\/11\/contact-gin-cicada-distillerie-de-toulon-800x374.jpg 800w, https:\/\/cicadagin.com\/wp-content\/uploads\/2019\/11\/contact-gin-cicada-distillerie-de-toulon-1200x561.jpg 1200w, https:\/\/cicadagin.com\/wp-content\/uploads\/2019\/11\/contact-gin-cicada-distillerie-de-toulon.jpg 1463w\" sizes=\"(max-width: 640px) 100vw, 800px\" \/><\/span><\/div><div class=\"fusion-separator fusion-full-width-sep\" style=\"align-self: center;margin-left: auto;margin-right: auto;margin-top:40px;width:100%;\"><\/div><\/div><\/div><div class=\"fusion-layout-column fusion_builder_column fusion-builder-column-6 fusion_builder_column_1_6 1_6 fusion-flex-column\" style=\"--awb-bg-size:cover;--awb-width-large:16.666666666667%;--awb-margin-top-large:0px;--awb-spacing-right-large:11.52%;--awb-margin-bottom-large:20px;--awb-spacing-left-large:11.52%;--awb-width-medium:16.666666666667%;--awb-spacing-right-medium:11.52%;--awb-spacing-left-medium:11.52%;--awb-width-small:100%;--awb-spacing-right-small:1.92%;--awb-spacing-left-small:1.92%;\"><div class=\"fusion-column-wrapper fusion-column-has-shadow fusion-flex-justify-content-center fusion-content-layout-column\"><div class=\"fusion-separator fusion-full-width-sep\" style=\"align-self: center;margin-left: auto;margin-right: auto;margin-top:40px;width:100%;\"><\/div><div class=\"fusion-text fusion-text-3\"><p style=\"text-align: left;\"><span style=\"color: #a4904f;\"><strong>Distillerie de Toulon<\/strong><br \/>\n<strong>4, place Gambetta<\/strong><br \/>\n<strong>83000 Toulon &#8211; FRANCE<\/strong> <\/span><\/p>\n<p style=\"text-align: left;\"><strong><span style=\"color: #959971;\">Tel : +33 (0)6 61 84 11 86<br \/>\n<\/span><span style=\"color: #959971;\">Email : <a style=\"color: #959971;\" href=\"mailto:contact@cicadagin.com\">contact@cicadagin.com<\/a><\/span><\/strong><\/p>\n<p>La destiler\u00eda est\u00e1 situada justo detr\u00e1s del puerto, a unos 100 metros del embarcadero de las lanchas de la red Mistral, junto a la estatua de los jugadores de cartas de Raimu y a 200 metros del <a href=\"http:\/\/www.musee-marine.fr\/toulon\" target=\"_blank\" rel=\"noopener noreferrer\">Museo de la Marina<\/a>.<\/p>\n<p><em>Ilustraci\u00f3n de la p\u00e1gina: el puerto de Toulon hacia 1854 por Antoine L\u00e9on Morel-Fatio &#8211; Museo de la Marina de Toulon &#8211; Foto \u00a9 Jean Donnay<\/em><\/p>\n<\/div><\/div><\/div><div class=\"fusion-layout-column fusion_builder_column fusion-builder-column-7 fusion_builder_column_1_6 1_6 fusion-flex-column\" style=\"--awb-bg-size:cover;--awb-width-large:16.666666666667%;--awb-margin-top-large:0px;--awb-spacing-right-large:11.52%;--awb-margin-bottom-large:20px;--awb-spacing-left-large:11.52%;--awb-width-medium:16.666666666667%;--awb-spacing-right-medium:11.52%;--awb-spacing-left-medium:11.52%;--awb-width-small:100%;--awb-spacing-right-small:1.92%;--awb-spacing-left-small:1.92%;\"><div class=\"fusion-column-wrapper fusion-column-has-shadow fusion-flex-justify-content-flex-start fusion-content-layout-column\"><\/div><\/div><\/div><\/div><div class=\"fusion-fullwidth fullwidth-box fusion-builder-row-4 fusion-flex-container hundred-percent-fullwidth non-hundred-percent-height-scrolling\" style=\"--awb-border-radius-top-left:0px;--awb-border-radius-top-right:0px;--awb-border-radius-bottom-right:0px;--awb-border-radius-bottom-left:0px;--awb-padding-right:30px;--awb-padding-left:30px;--awb-flex-wrap:wrap;\" ><div class=\"fusion-builder-row fusion-row fusion-flex-align-items-flex-start fusion-flex-content-wrap\" style=\"width:104% !important;max-width:104% !important;margin-left: calc(-4% \/ 2 );margin-right: calc(-4% \/ 2 );\"><div class=\"fusion-layout-column fusion_builder_column fusion-builder-column-8 fusion_builder_column_1_6 1_6 fusion-flex-column\" style=\"--awb-bg-size:cover;--awb-width-large:16.666666666667%;--awb-margin-top-large:0px;--awb-spacing-right-large:11.52%;--awb-margin-bottom-large:20px;--awb-spacing-left-large:11.52%;--awb-width-medium:16.666666666667%;--awb-spacing-right-medium:11.52%;--awb-spacing-left-medium:11.52%;--awb-width-small:100%;--awb-spacing-right-small:1.92%;--awb-spacing-left-small:1.92%;\"><div class=\"fusion-column-wrapper fusion-column-has-shadow fusion-flex-justify-content-flex-start fusion-content-layout-column\"><\/div><\/div><div class=\"fusion-layout-column fusion_builder_column fusion-builder-column-9 fusion_builder_column_1_2 1_2 fusion-flex-column\" style=\"--awb-bg-size:cover;--awb-width-large:50%;--awb-margin-top-large:0px;--awb-spacing-right-large:3.84%;--awb-margin-bottom-large:20px;--awb-spacing-left-large:3.84%;--awb-width-medium:50%;--awb-spacing-right-medium:3.84%;--awb-spacing-left-medium:3.84%;--awb-width-small:100%;--awb-spacing-right-small:1.92%;--awb-spacing-left-small:1.92%;\"><div class=\"fusion-column-wrapper fusion-column-has-shadow fusion-flex-justify-content-center fusion-content-layout-column\"><div class=\"shortcode-map fusion-google-map fusion-maps-embed-type\"><iframe width=\"100%\" height=\"460px\" frameborder=\"0\" style=\"border:0\" src=\"https:\/\/www.google.com\/maps\/embed\/v1\/place?key=AIzaSyARCJQmKBHPEzwjWJzX5NxOwCNhY6fe1sU&language=es&q=Distillerie+de+Toulon+4,+place+Gambetta+83000+Toulon+-+FRANCE&maptype=roadmap&zoom=15\" allowfullscreen><\/iframe><\/div><div class=\"fusion-separator fusion-no-small-visibility fusion-no-medium-visibility fusion-full-width-sep\" style=\"align-self: center;margin-left: auto;margin-right: auto;margin-top:30px;width:100%;\"><\/div><\/div><\/div><div class=\"fusion-layout-column fusion_builder_column fusion-builder-column-10 fusion_builder_column_1_6 1_6 fusion-flex-column\" style=\"--awb-bg-size:cover;--awb-width-large:16.666666666667%;--awb-margin-top-large:0px;--awb-spacing-right-large:11.52%;--awb-margin-bottom-large:20px;--awb-spacing-left-large:11.52%;--awb-width-medium:16.666666666667%;--awb-spacing-right-medium:11.52%;--awb-spacing-left-medium:11.52%;--awb-width-small:100%;--awb-spacing-right-small:1.92%;--awb-spacing-left-small:1.92%;\"><div class=\"fusion-column-wrapper fusion-column-has-shadow fusion-flex-justify-content-center fusion-content-layout-column\"><div class=\"fusion-text fusion-text-4\"><p><strong>CONT\u00c1CTENOS :<\/strong><\/p>\n<\/div><div class=\"wpforms-container wpforms-container-full\" id=\"wpforms-13723\"><form id=\"wpforms-form-13723\" class=\"wpforms-validate wpforms-form\" data-formid=\"13723\" method=\"post\" enctype=\"multipart\/form-data\" action=\"\/es\/wp-json\/wp\/v2\/pages\/21783\" data-token=\"1fcede8a26c00e6499e8fb704b34081e\" data-token-time=\"1778757367\"><noscript class=\"wpforms-error-noscript\">Por favor, activa JavaScript en tu navegador para completar este formulario.<\/noscript><div class=\"wpforms-field-container\"><div id=\"wpforms-13723-field_0-container\" class=\"wpforms-field wpforms-field-name\" data-field-id=\"0\"><label class=\"wpforms-field-label\" for=\"wpforms-13723-field_0\">Nom <span class=\"wpforms-required-label\">*<\/span><\/label><input type=\"text\" id=\"wpforms-13723-field_0\" class=\"wpforms-field-medium wpforms-field-required\" name=\"wpforms[fields][0]\" required><\/div><div id=\"wpforms-13723-field_1-container\" class=\"wpforms-field wpforms-field-email\" data-field-id=\"1\"><label class=\"wpforms-field-label\" for=\"wpforms-13723-field_1\">Email <span class=\"wpforms-required-label\">*<\/span><\/label><input type=\"email\" id=\"wpforms-13723-field_1\" class=\"wpforms-field-medium wpforms-field-required\" name=\"wpforms[fields][1]\" spellcheck=\"false\" required><\/div><div id=\"wpforms-13723-field_2-container\" class=\"wpforms-field wpforms-field-textarea\" data-field-id=\"2\"><label class=\"wpforms-field-label\" for=\"wpforms-13723-field_2\">Message <span class=\"wpforms-required-label\">*<\/span><\/label><textarea id=\"wpforms-13723-field_2\" class=\"wpforms-field-medium wpforms-field-required\" name=\"wpforms[fields][2]\" required><\/textarea><\/div><\/div><!-- .wpforms-field-container --><div class=\"wpforms-field wpforms-field-hp\"><label for=\"wpforms-13723-field-hp\" class=\"wpforms-field-label\">Website<\/label><input type=\"text\" name=\"wpforms[hp]\" id=\"wpforms-13723-field-hp\" class=\"wpforms-field-medium\"><\/div><div class=\"wpforms-recaptcha-container wpforms-is-recaptcha wpforms-is-recaptcha-type-v2\" ><div class=\"g-recaptcha\" data-sitekey=\"6Ld76QcjAAAAAJbkPhrulhc2e33GPIsuhIjXEocG\"><\/div><input type=\"text\" name=\"g-recaptcha-hidden\" class=\"wpforms-recaptcha-hidden\" style=\"position:absolute!important;clip:rect(0,0,0,0)!important;height:1px!important;width:1px!important;border:0!important;overflow:hidden!important;padding:0!important;margin:0!important;\" data-rule-recaptcha=\"1\"><\/div><div class=\"wpforms-submit-container\" ><input type=\"hidden\" name=\"wpforms[id]\" value=\"13723\"><input type=\"hidden\" name=\"page_title\" value=\"\"><input type=\"hidden\" name=\"page_url\" value=\"https:\/\/cicadagin.com\/es\/wp-json\/wp\/v2\/pages\/21783\"><input type=\"hidden\" name=\"url_referer\" value=\"\"><button type=\"submit\" name=\"wpforms[submit]\" id=\"wpforms-submit-13723\" class=\"wpforms-submit\" data-alt-text=\"Envoi...\" data-submit-text=\"Envoyer\" aria-live=\"assertive\" value=\"wpforms-submit\">Envoyer<\/button><\/div><\/form><\/div>  <!-- .wpforms-container --><\/div><\/div><div class=\"fusion-layout-column fusion_builder_column fusion-builder-column-11 fusion_builder_column_1_6 1_6 fusion-flex-column\" style=\"--awb-bg-size:cover;--awb-width-large:16.666666666667%;--awb-margin-top-large:0px;--awb-spacing-right-large:11.52%;--awb-margin-bottom-large:20px;--awb-spacing-left-large:11.52%;--awb-width-medium:16.666666666667%;--awb-spacing-right-medium:11.52%;--awb-spacing-left-medium:11.52%;--awb-width-small:100%;--awb-spacing-right-small:1.92%;--awb-spacing-left-small:1.92%;\"><div class=\"fusion-column-wrapper fusion-column-has-shadow fusion-flex-justify-content-flex-start fusion-content-layout-column\"><\/div><\/div><\/div><\/div><\/p>\n","protected":false},"excerpt":{"rendered":"","protected":false},"author":2,"featured_media":0,"parent":0,"menu_order":0,"comment_status":"closed","ping_status":"closed","template":"100-width.php","meta":{"_acf_changed":false,"footnotes":""},"class_list":["post-21783","page","type-page","status-publish","hentry"],"acf":[],"yoast_head":"<!-- This site is optimized with the Yoast SEO plugin v27.5 - https:\/\/yoast.com\/product\/yoast-seo-wordpress\/ -->\n<title>Encuentra Cicada Gin de Provenza<\/title>\n<meta name=\"description\" content=\"Descubra y visite la destiler\u00eda de Cicada Gin de Provenza situada en Toulon en el departamento de Var.\" \/>\n<meta name=\"robots\" content=\"index, follow, max-snippet:-1, max-image-preview:large, max-video-preview:-1\" \/>\n<link rel=\"canonical\" href=\"https:\/\/cicadagin.com\/es\/encuentra-cicada\/\" \/>\n<meta property=\"og:locale\" content=\"es_ES\" \/>\n<meta property=\"og:type\" content=\"article\" \/>\n<meta property=\"og:title\" content=\"Encuentra Cicada Gin de Provenza\" \/>\n<meta property=\"og:description\" content=\"Descubra y visite la destiler\u00eda de Cicada Gin de Provenza situada en Toulon en el departamento de Var.\" \/>\n<meta property=\"og:url\" content=\"https:\/\/cicadagin.com\/es\/encuentra-cicada\/\" \/>\n<meta property=\"og:site_name\" content=\"Gin Cicada\" \/>\n<meta property=\"article:publisher\" content=\"https:\/\/www.facebook.com\/cicadagindeprovence\" \/>\n<meta property=\"article:modified_time\" content=\"2025-05-13T16:34:50+00:00\" \/>\n<meta property=\"og:image\" content=\"https:\/\/cicadagin.com\/wp-content\/uploads\/2019\/12\/Cicada-FB.jpg\" \/>\n\t<meta property=\"og:image:width\" content=\"1159\" \/>\n\t<meta property=\"og:image:height\" content=\"501\" \/>\n\t<meta property=\"og:image:type\" content=\"image\/jpeg\" \/>\n<meta name=\"twitter:card\" content=\"summary_large_image\" \/>\n<meta name=\"twitter:label1\" content=\"Tiempo de lectura\" \/>\n\t<meta name=\"twitter:data1\" content=\"16 minutos\" \/>\n<script type=\"application\/ld+json\" class=\"yoast-schema-graph\">{\"@context\":\"https:\\\/\\\/schema.org\",\"@graph\":[{\"@type\":\"WebPage\",\"@id\":\"https:\\\/\\\/cicadagin.com\\\/es\\\/encuentra-cicada\\\/\",\"url\":\"https:\\\/\\\/cicadagin.com\\\/es\\\/encuentra-cicada\\\/\",\"name\":\"Encuentra Cicada Gin de Provenza\",\"isPartOf\":{\"@id\":\"https:\\\/\\\/cicadagin.com\\\/es\\\/#website\"},\"datePublished\":\"2020-12-05T16:17:13+00:00\",\"dateModified\":\"2025-05-13T16:34:50+00:00\",\"description\":\"Descubra y visite la destiler\u00eda de Cicada Gin de Provenza situada en Toulon en el departamento de Var.\",\"breadcrumb\":{\"@id\":\"https:\\\/\\\/cicadagin.com\\\/es\\\/encuentra-cicada\\\/#breadcrumb\"},\"inLanguage\":\"es\",\"potentialAction\":[{\"@type\":\"ReadAction\",\"target\":[\"https:\\\/\\\/cicadagin.com\\\/es\\\/encuentra-cicada\\\/\"]}]},{\"@type\":\"BreadcrumbList\",\"@id\":\"https:\\\/\\\/cicadagin.com\\\/es\\\/encuentra-cicada\\\/#breadcrumb\",\"itemListElement\":[{\"@type\":\"ListItem\",\"position\":1,\"name\":\"Accueil\",\"item\":\"https:\\\/\\\/cicadagin.com\\\/es\\\/\"},{\"@type\":\"ListItem\",\"position\":2,\"name\":\"Encuentra Cicada\"}]},{\"@type\":\"WebSite\",\"@id\":\"https:\\\/\\\/cicadagin.com\\\/es\\\/#website\",\"url\":\"https:\\\/\\\/cicadagin.com\\\/es\\\/\",\"name\":\"Gin Cicada\",\"description\":\"Le Gin qui chante la Provence\",\"publisher\":{\"@id\":\"https:\\\/\\\/cicadagin.com\\\/es\\\/#organization\"},\"potentialAction\":[{\"@type\":\"SearchAction\",\"target\":{\"@type\":\"EntryPoint\",\"urlTemplate\":\"https:\\\/\\\/cicadagin.com\\\/es\\\/?s={search_term_string}\"},\"query-input\":{\"@type\":\"PropertyValueSpecification\",\"valueRequired\":true,\"valueName\":\"search_term_string\"}}],\"inLanguage\":\"es\"},{\"@type\":\"Organization\",\"@id\":\"https:\\\/\\\/cicadagin.com\\\/es\\\/#organization\",\"name\":\"Distillerie de Toulon\",\"url\":\"https:\\\/\\\/cicadagin.com\\\/es\\\/\",\"logo\":{\"@type\":\"ImageObject\",\"inLanguage\":\"es\",\"@id\":\"https:\\\/\\\/cicadagin.com\\\/es\\\/#\\\/schema\\\/logo\\\/image\\\/\",\"url\":\"https:\\\/\\\/cicadagin.com\\\/wp-content\\\/uploads\\\/2019\\\/09\\\/Distillerie-Toulon-100x100-2.png\",\"contentUrl\":\"https:\\\/\\\/cicadagin.com\\\/wp-content\\\/uploads\\\/2019\\\/09\\\/Distillerie-Toulon-100x100-2.png\",\"width\":200,\"height\":200,\"caption\":\"Distillerie de Toulon\"},\"image\":{\"@id\":\"https:\\\/\\\/cicadagin.com\\\/es\\\/#\\\/schema\\\/logo\\\/image\\\/\"},\"sameAs\":[\"https:\\\/\\\/www.facebook.com\\\/cicadagindeprovence\",\"https:\\\/\\\/www.instagram.com\\\/cicadagin\\\/\"]}]}<\/script>\n<!-- \/ Yoast SEO plugin. -->","yoast_head_json":{"title":"Encuentra Cicada Gin de Provenza","description":"Descubra y visite la destiler\u00eda de Cicada Gin de Provenza situada en Toulon en el departamento de Var.","robots":{"index":"index","follow":"follow","max-snippet":"max-snippet:-1","max-image-preview":"max-image-preview:large","max-video-preview":"max-video-preview:-1"},"canonical":"https:\/\/cicadagin.com\/es\/encuentra-cicada\/","og_locale":"es_ES","og_type":"article","og_title":"Encuentra Cicada Gin de Provenza","og_description":"Descubra y visite la destiler\u00eda de Cicada Gin de Provenza situada en Toulon en el departamento de Var.","og_url":"https:\/\/cicadagin.com\/es\/encuentra-cicada\/","og_site_name":"Gin Cicada","article_publisher":"https:\/\/www.facebook.com\/cicadagindeprovence","article_modified_time":"2025-05-13T16:34:50+00:00","og_image":[{"width":1159,"height":501,"url":"https:\/\/cicadagin.com\/wp-content\/uploads\/2019\/12\/Cicada-FB.jpg","type":"image\/jpeg"}],"twitter_card":"summary_large_image","twitter_misc":{"Tiempo de lectura":"16 minutos"},"schema":{"@context":"https:\/\/schema.org","@graph":[{"@type":"WebPage","@id":"https:\/\/cicadagin.com\/es\/encuentra-cicada\/","url":"https:\/\/cicadagin.com\/es\/encuentra-cicada\/","name":"Encuentra Cicada Gin de Provenza","isPartOf":{"@id":"https:\/\/cicadagin.com\/es\/#website"},"datePublished":"2020-12-05T16:17:13+00:00","dateModified":"2025-05-13T16:34:50+00:00","description":"Descubra y visite la destiler\u00eda de Cicada Gin de Provenza situada en Toulon en el departamento de Var.","breadcrumb":{"@id":"https:\/\/cicadagin.com\/es\/encuentra-cicada\/#breadcrumb"},"inLanguage":"es","potentialAction":[{"@type":"ReadAction","target":["https:\/\/cicadagin.com\/es\/encuentra-cicada\/"]}]},{"@type":"BreadcrumbList","@id":"https:\/\/cicadagin.com\/es\/encuentra-cicada\/#breadcrumb","itemListElement":[{"@type":"ListItem","position":1,"name":"Accueil","item":"https:\/\/cicadagin.com\/es\/"},{"@type":"ListItem","position":2,"name":"Encuentra Cicada"}]},{"@type":"WebSite","@id":"https:\/\/cicadagin.com\/es\/#website","url":"https:\/\/cicadagin.com\/es\/","name":"Gin Cicada","description":"Le Gin qui chante la Provence","publisher":{"@id":"https:\/\/cicadagin.com\/es\/#organization"},"potentialAction":[{"@type":"SearchAction","target":{"@type":"EntryPoint","urlTemplate":"https:\/\/cicadagin.com\/es\/?s={search_term_string}"},"query-input":{"@type":"PropertyValueSpecification","valueRequired":true,"valueName":"search_term_string"}}],"inLanguage":"es"},{"@type":"Organization","@id":"https:\/\/cicadagin.com\/es\/#organization","name":"Distillerie de Toulon","url":"https:\/\/cicadagin.com\/es\/","logo":{"@type":"ImageObject","inLanguage":"es","@id":"https:\/\/cicadagin.com\/es\/#\/schema\/logo\/image\/","url":"https:\/\/cicadagin.com\/wp-content\/uploads\/2019\/09\/Distillerie-Toulon-100x100-2.png","contentUrl":"https:\/\/cicadagin.com\/wp-content\/uploads\/2019\/09\/Distillerie-Toulon-100x100-2.png","width":200,"height":200,"caption":"Distillerie de Toulon"},"image":{"@id":"https:\/\/cicadagin.com\/es\/#\/schema\/logo\/image\/"},"sameAs":["https:\/\/www.facebook.com\/cicadagindeprovence","https:\/\/www.instagram.com\/cicadagin\/"]}]}},"_links":{"self":[{"href":"https:\/\/cicadagin.com\/es\/wp-json\/wp\/v2\/pages\/21783","targetHints":{"allow":["GET"]}}],"collection":[{"href":"https:\/\/cicadagin.com\/es\/wp-json\/wp\/v2\/pages"}],"about":[{"href":"https:\/\/cicadagin.com\/es\/wp-json\/wp\/v2\/types\/page"}],"author":[{"embeddable":true,"href":"https:\/\/cicadagin.com\/es\/wp-json\/wp\/v2\/users\/2"}],"replies":[{"embeddable":true,"href":"https:\/\/cicadagin.com\/es\/wp-json\/wp\/v2\/comments?post=21783"}],"version-history":[{"count":0,"href":"https:\/\/cicadagin.com\/es\/wp-json\/wp\/v2\/pages\/21783\/revisions"}],"wp:attachment":[{"href":"https:\/\/cicadagin.com\/es\/wp-json\/wp\/v2\/media?parent=21783"}],"curies":[{"name":"wp","href":"https:\/\/api.w.org\/{rel}","templated":true}]}}