{"id":21757,"date":"2020-12-05T17:08:35","date_gmt":"2020-12-05T16:08:35","guid":{"rendered":"https:\/\/cicadagin.com\/la-ginebra\/"},"modified":"2020-12-07T12:25:17","modified_gmt":"2020-12-07T11:25:17","slug":"la-ginebra","status":"publish","type":"page","link":"https:\/\/cicadagin.com\/es\/la-ginebra\/","title":{"rendered":"La Ginebra"},"content":{"rendered":"<p><div class=\"fusion-fullwidth fullwidth-box fusion-builder-row-1 fusion-flex-container hundred-percent-fullwidth non-hundred-percent-height-scrolling\" style=\"--awb-border-radius-top-left:0px;--awb-border-radius-top-right:0px;--awb-border-radius-bottom-right:0px;--awb-border-radius-bottom-left:0px;--awb-padding-right:30px;--awb-padding-left:30px;--awb-flex-wrap:wrap;\" ><div class=\"fusion-builder-row fusion-row fusion-flex-align-items-flex-start fusion-flex-content-wrap\" style=\"width:calc( 100% + 0px ) !important;max-width:calc( 100% + 0px ) !important;margin-left: calc(-0px \/ 2 );margin-right: calc(-0px \/ 2 );\"><div class=\"fusion-layout-column fusion_builder_column fusion-builder-column-0 fusion_builder_column_1_1 1_1 fusion-flex-column fusion-flex-align-self-flex-start fusion-column-no-min-height\" style=\"--awb-bg-size:cover;--awb-width-large:100%;--awb-margin-top-large:0px;--awb-spacing-right-large:0px;--awb-margin-bottom-large:0px;--awb-spacing-left-large:0px;--awb-width-medium:100%;--awb-spacing-right-medium:0px;--awb-spacing-left-medium:0px;--awb-width-small:100%;--awb-spacing-right-small:0px;--awb-spacing-left-small:0px;\"><div class=\"fusion-column-wrapper fusion-column-has-shadow fusion-flex-justify-content-flex-start fusion-content-layout-column\"><div class=\"fusion-separator fusion-no-small-visibility fusion-no-medium-visibility fusion-full-width-sep\" style=\"align-self: center;margin-left: auto;margin-right: auto;margin-top:15px;width:100%;\"><\/div><div class=\"fusion-slider-sc\"><div class=\"fusion-flexslider-loading flexslider flexslider-hover-type-none\" data-slideshow_autoplay=\"1\" data-slideshow_smooth_height=\"0\" data-slideshow_speed=\"7000\" style=\"max-width:100%;height:100%;\"><ul class=\"slides\"><li class=\"image\"><span class=\"fusion-image-hover-element hover-type-none\"><img decoding=\"async\" src=\"https:\/\/cicadagin.com\/wp-content\/uploads\/2019\/08\/cicada-le-gin-de-provence-4.jpg\" class=\"wp-image-13293\" \/><\/span><\/li><\/ul><\/div><\/div><\/div><\/div><\/div><\/div><div class=\"fusion-fullwidth fullwidth-box fusion-builder-row-2 fusion-flex-container hundred-percent-fullwidth non-hundred-percent-height-scrolling\" style=\"--awb-border-radius-top-left:0px;--awb-border-radius-top-right:0px;--awb-border-radius-bottom-right:0px;--awb-border-radius-bottom-left:0px;--awb-padding-right:30px;--awb-padding-left:30px;--awb-flex-wrap:wrap;\" ><div class=\"fusion-builder-row fusion-row fusion-flex-align-items-flex-start fusion-flex-content-wrap\" style=\"width:104% !important;max-width:104% !important;margin-left: calc(-4% \/ 2 );margin-right: calc(-4% \/ 2 );\"><div class=\"fusion-layout-column fusion_builder_column fusion-builder-column-1 fusion_builder_column_1_6 1_6 fusion-flex-column\" style=\"--awb-bg-size:cover;--awb-width-large:16.666666666667%;--awb-margin-top-large:0px;--awb-spacing-right-large:11.52%;--awb-margin-bottom-large:20px;--awb-spacing-left-large:11.52%;--awb-width-medium:16.666666666667%;--awb-spacing-right-medium:11.52%;--awb-spacing-left-medium:11.52%;--awb-width-small:100%;--awb-spacing-right-small:1.92%;--awb-spacing-left-small:1.92%;\"><div class=\"fusion-column-wrapper fusion-column-has-shadow fusion-flex-justify-content-flex-start fusion-content-layout-column\"><\/div><\/div><div class=\"fusion-layout-column fusion_builder_column fusion-builder-column-2 fusion_builder_column_1_6 1_6 fusion-flex-column\" style=\"--awb-bg-size:cover;--awb-width-large:16.666666666667%;--awb-margin-top-large:0px;--awb-spacing-right-large:11.52%;--awb-margin-bottom-large:20px;--awb-spacing-left-large:11.52%;--awb-width-medium:16.666666666667%;--awb-spacing-right-medium:11.52%;--awb-spacing-left-medium:11.52%;--awb-width-small:100%;--awb-spacing-right-small:1.92%;--awb-spacing-left-small:1.92%;\"><div class=\"fusion-column-wrapper fusion-column-has-shadow fusion-flex-justify-content-flex-start fusion-content-layout-column\"><div class=\"fusion-separator fusion-full-width-sep\" style=\"align-self: center;margin-left: auto;margin-right: auto;margin-top:30px;width:100%;\"><\/div><div class=\"fusion-image-element \" style=\"--awb-caption-title-font-family:var(--h2_typography-font-family);--awb-caption-title-font-weight:var(--h2_typography-font-weight);--awb-caption-title-font-style:var(--h2_typography-font-style);--awb-caption-title-size:var(--h2_typography-font-size);--awb-caption-title-transform:var(--h2_typography-text-transform);--awb-caption-title-line-height:var(--h2_typography-line-height);--awb-caption-title-letter-spacing:var(--h2_typography-letter-spacing);\"><span class=\" fusion-imageframe imageframe-none imageframe-1 hover-type-none\"><img decoding=\"async\" width=\"930\" height=\"1410\" alt=\"cICADA BOUTEILE\" title=\"Cicada-Gin-de-Provence\" src=\"https:\/\/cicadagin.com\/wp-content\/uploads\/2019\/12\/Cicada-Gin-de-Provence.png\" class=\"img-responsive wp-image-19055\" srcset=\"https:\/\/cicadagin.com\/wp-content\/uploads\/2019\/12\/Cicada-Gin-de-Provence-200x303.png 200w, https:\/\/cicadagin.com\/wp-content\/uploads\/2019\/12\/Cicada-Gin-de-Provence-400x606.png 400w, https:\/\/cicadagin.com\/wp-content\/uploads\/2019\/12\/Cicada-Gin-de-Provence-600x910.png 600w, https:\/\/cicadagin.com\/wp-content\/uploads\/2019\/12\/Cicada-Gin-de-Provence-800x1213.png 800w, https:\/\/cicadagin.com\/wp-content\/uploads\/2019\/12\/Cicada-Gin-de-Provence.png 930w\" sizes=\"(max-width: 640px) 100vw, 400px\" \/><\/span><\/div><\/div><\/div><div class=\"fusion-layout-column fusion_builder_column fusion-builder-column-3 fusion_builder_column_1_2 1_2 fusion-flex-column\" style=\"--awb-bg-size:cover;--awb-width-large:50%;--awb-margin-top-large:0px;--awb-spacing-right-large:3.84%;--awb-margin-bottom-large:20px;--awb-spacing-left-large:3.84%;--awb-width-medium:50%;--awb-spacing-right-medium:3.84%;--awb-spacing-left-medium:3.84%;--awb-width-small:100%;--awb-spacing-right-small:1.92%;--awb-spacing-left-small:1.92%;\"><div class=\"fusion-column-wrapper fusion-column-has-shadow fusion-flex-justify-content-flex-start fusion-content-layout-column\"><div class=\"fusion-separator fusion-full-width-sep\" style=\"align-self: center;margin-left: auto;margin-right: auto;margin-top:100px;width:100%;\"><\/div><div class=\"fusion-text fusion-text-1\"><h1 style=\"text-align: justify;\" data-mce-style=\"text-align: justify;\"><span style=\"color: #a4904f;\" data-mce-style=\"color: #a4904f;\">El Dry Gin de Provenza Cicada : tradicional y suave<\/span><\/h1>\n<p>La cl\u00e1sica expresi\u00f3n de Cicada en 70 cl, embotellado sin filtraci\u00f3n en fr\u00edo al 44,7% para conservar toda la riqueza de sus aromas.<\/p>\n<p>Para disfrutar puro sobre hielo o tumbado, como en c\u00f3cteles. Su equilibrio y poder arom\u00e1tico en el que el car\u00e1cter dominante del enebro se ve enriquecido por los dem\u00e1s bot\u00e1nicos de su receta, lo hacen perfectamente adecuado para la elaboraci\u00f3n de c\u00f3cteles, en particular Gin Tonic.<\/p>\n<p>Con su perfil gustativo lleno de matices, libera aromas provenzales y garriga con un dulzor seductor.<\/p>\n<\/div><\/div><\/div><div class=\"fusion-layout-column fusion_builder_column fusion-builder-column-4 fusion_builder_column_1_6 1_6 fusion-flex-column\" style=\"--awb-bg-size:cover;--awb-width-large:16.666666666667%;--awb-margin-top-large:0px;--awb-spacing-right-large:11.52%;--awb-margin-bottom-large:20px;--awb-spacing-left-large:11.52%;--awb-width-medium:16.666666666667%;--awb-spacing-right-medium:11.52%;--awb-spacing-left-medium:11.52%;--awb-width-small:100%;--awb-spacing-right-small:1.92%;--awb-spacing-left-small:1.92%;\"><div class=\"fusion-column-wrapper fusion-column-has-shadow fusion-flex-justify-content-flex-start fusion-content-layout-column\"><\/div><\/div><\/div><\/div><\/p>\n","protected":false},"excerpt":{"rendered":"","protected":false},"author":2,"featured_media":0,"parent":0,"menu_order":0,"comment_status":"closed","ping_status":"closed","template":"100-width.php","meta":{"_acf_changed":false,"footnotes":""},"class_list":["post-21757","page","type-page","status-publish","hentry"],"acf":[],"yoast_head":"<!-- This site is optimized with the Yoast SEO plugin v27.5 - https:\/\/yoast.com\/product\/yoast-seo-wordpress\/ -->\n<title>Cicada Gin de Provenza de la Distillerie de Toulon<\/title>\n<meta name=\"description\" content=\"Descubra Cicada el Gin de Provenza producido por la Destiler\u00eda de Toulon en el departamento de Var.\" \/>\n<meta name=\"robots\" content=\"index, follow, max-snippet:-1, max-image-preview:large, max-video-preview:-1\" \/>\n<link rel=\"canonical\" href=\"https:\/\/cicadagin.com\/es\/la-ginebra\/\" \/>\n<meta property=\"og:locale\" content=\"es_ES\" \/>\n<meta property=\"og:type\" content=\"article\" \/>\n<meta property=\"og:title\" content=\"Cicada Gin de Provenza de la Distillerie de Toulon\" \/>\n<meta property=\"og:description\" content=\"Descubra Cicada el Gin de Provenza producido por la Destiler\u00eda de Toulon en el departamento de Var.\" \/>\n<meta property=\"og:url\" content=\"https:\/\/cicadagin.com\/es\/la-ginebra\/\" \/>\n<meta property=\"og:site_name\" content=\"Gin Cicada\" \/>\n<meta property=\"article:publisher\" content=\"https:\/\/www.facebook.com\/cicadagindeprovence\" \/>\n<meta property=\"article:modified_time\" content=\"2020-12-07T11:25:17+00:00\" \/>\n<meta property=\"og:image\" content=\"https:\/\/cicadagin.com\/wp-content\/uploads\/2019\/12\/Cicada-FB.jpg\" \/>\n\t<meta property=\"og:image:width\" content=\"1159\" \/>\n\t<meta property=\"og:image:height\" content=\"501\" \/>\n\t<meta property=\"og:image:type\" content=\"image\/jpeg\" \/>\n<meta name=\"twitter:card\" content=\"summary_large_image\" \/>\n<meta name=\"twitter:label1\" content=\"Tiempo de lectura\" \/>\n\t<meta name=\"twitter:data1\" content=\"6 minutos\" \/>\n<script type=\"application\/ld+json\" class=\"yoast-schema-graph\">{\"@context\":\"https:\\\/\\\/schema.org\",\"@graph\":[{\"@type\":\"WebPage\",\"@id\":\"https:\\\/\\\/cicadagin.com\\\/es\\\/la-ginebra\\\/\",\"url\":\"https:\\\/\\\/cicadagin.com\\\/es\\\/la-ginebra\\\/\",\"name\":\"Cicada Gin de Provenza de la Distillerie de Toulon\",\"isPartOf\":{\"@id\":\"https:\\\/\\\/cicadagin.com\\\/es\\\/#website\"},\"datePublished\":\"2020-12-05T16:08:35+00:00\",\"dateModified\":\"2020-12-07T11:25:17+00:00\",\"description\":\"Descubra Cicada el Gin de Provenza producido por la Destiler\u00eda de Toulon en el departamento de Var.\",\"breadcrumb\":{\"@id\":\"https:\\\/\\\/cicadagin.com\\\/es\\\/la-ginebra\\\/#breadcrumb\"},\"inLanguage\":\"es\",\"potentialAction\":[{\"@type\":\"ReadAction\",\"target\":[\"https:\\\/\\\/cicadagin.com\\\/es\\\/la-ginebra\\\/\"]}]},{\"@type\":\"BreadcrumbList\",\"@id\":\"https:\\\/\\\/cicadagin.com\\\/es\\\/la-ginebra\\\/#breadcrumb\",\"itemListElement\":[{\"@type\":\"ListItem\",\"position\":1,\"name\":\"Accueil\",\"item\":\"https:\\\/\\\/cicadagin.com\\\/es\\\/\"},{\"@type\":\"ListItem\",\"position\":2,\"name\":\"La Ginebra\"}]},{\"@type\":\"WebSite\",\"@id\":\"https:\\\/\\\/cicadagin.com\\\/es\\\/#website\",\"url\":\"https:\\\/\\\/cicadagin.com\\\/es\\\/\",\"name\":\"Gin Cicada\",\"description\":\"Le Gin qui chante la Provence\",\"publisher\":{\"@id\":\"https:\\\/\\\/cicadagin.com\\\/es\\\/#organization\"},\"potentialAction\":[{\"@type\":\"SearchAction\",\"target\":{\"@type\":\"EntryPoint\",\"urlTemplate\":\"https:\\\/\\\/cicadagin.com\\\/es\\\/?s={search_term_string}\"},\"query-input\":{\"@type\":\"PropertyValueSpecification\",\"valueRequired\":true,\"valueName\":\"search_term_string\"}}],\"inLanguage\":\"es\"},{\"@type\":\"Organization\",\"@id\":\"https:\\\/\\\/cicadagin.com\\\/es\\\/#organization\",\"name\":\"Distillerie de Toulon\",\"url\":\"https:\\\/\\\/cicadagin.com\\\/es\\\/\",\"logo\":{\"@type\":\"ImageObject\",\"inLanguage\":\"es\",\"@id\":\"https:\\\/\\\/cicadagin.com\\\/es\\\/#\\\/schema\\\/logo\\\/image\\\/\",\"url\":\"https:\\\/\\\/cicadagin.com\\\/wp-content\\\/uploads\\\/2019\\\/09\\\/Distillerie-Toulon-100x100-2.png\",\"contentUrl\":\"https:\\\/\\\/cicadagin.com\\\/wp-content\\\/uploads\\\/2019\\\/09\\\/Distillerie-Toulon-100x100-2.png\",\"width\":200,\"height\":200,\"caption\":\"Distillerie de Toulon\"},\"image\":{\"@id\":\"https:\\\/\\\/cicadagin.com\\\/es\\\/#\\\/schema\\\/logo\\\/image\\\/\"},\"sameAs\":[\"https:\\\/\\\/www.facebook.com\\\/cicadagindeprovence\",\"https:\\\/\\\/www.instagram.com\\\/cicadagin\\\/\"]}]}<\/script>\n<!-- \/ Yoast SEO plugin. -->","yoast_head_json":{"title":"Cicada Gin de Provenza de la Distillerie de Toulon","description":"Descubra Cicada el Gin de Provenza producido por la Destiler\u00eda de Toulon en el departamento de Var.","robots":{"index":"index","follow":"follow","max-snippet":"max-snippet:-1","max-image-preview":"max-image-preview:large","max-video-preview":"max-video-preview:-1"},"canonical":"https:\/\/cicadagin.com\/es\/la-ginebra\/","og_locale":"es_ES","og_type":"article","og_title":"Cicada Gin de Provenza de la Distillerie de Toulon","og_description":"Descubra Cicada el Gin de Provenza producido por la Destiler\u00eda de Toulon en el departamento de Var.","og_url":"https:\/\/cicadagin.com\/es\/la-ginebra\/","og_site_name":"Gin Cicada","article_publisher":"https:\/\/www.facebook.com\/cicadagindeprovence","article_modified_time":"2020-12-07T11:25:17+00:00","og_image":[{"width":1159,"height":501,"url":"https:\/\/cicadagin.com\/wp-content\/uploads\/2019\/12\/Cicada-FB.jpg","type":"image\/jpeg"}],"twitter_card":"summary_large_image","twitter_misc":{"Tiempo de lectura":"6 minutos"},"schema":{"@context":"https:\/\/schema.org","@graph":[{"@type":"WebPage","@id":"https:\/\/cicadagin.com\/es\/la-ginebra\/","url":"https:\/\/cicadagin.com\/es\/la-ginebra\/","name":"Cicada Gin de Provenza de la Distillerie de Toulon","isPartOf":{"@id":"https:\/\/cicadagin.com\/es\/#website"},"datePublished":"2020-12-05T16:08:35+00:00","dateModified":"2020-12-07T11:25:17+00:00","description":"Descubra Cicada el Gin de Provenza producido por la Destiler\u00eda de Toulon en el departamento de Var.","breadcrumb":{"@id":"https:\/\/cicadagin.com\/es\/la-ginebra\/#breadcrumb"},"inLanguage":"es","potentialAction":[{"@type":"ReadAction","target":["https:\/\/cicadagin.com\/es\/la-ginebra\/"]}]},{"@type":"BreadcrumbList","@id":"https:\/\/cicadagin.com\/es\/la-ginebra\/#breadcrumb","itemListElement":[{"@type":"ListItem","position":1,"name":"Accueil","item":"https:\/\/cicadagin.com\/es\/"},{"@type":"ListItem","position":2,"name":"La Ginebra"}]},{"@type":"WebSite","@id":"https:\/\/cicadagin.com\/es\/#website","url":"https:\/\/cicadagin.com\/es\/","name":"Gin Cicada","description":"Le Gin qui chante la Provence","publisher":{"@id":"https:\/\/cicadagin.com\/es\/#organization"},"potentialAction":[{"@type":"SearchAction","target":{"@type":"EntryPoint","urlTemplate":"https:\/\/cicadagin.com\/es\/?s={search_term_string}"},"query-input":{"@type":"PropertyValueSpecification","valueRequired":true,"valueName":"search_term_string"}}],"inLanguage":"es"},{"@type":"Organization","@id":"https:\/\/cicadagin.com\/es\/#organization","name":"Distillerie de Toulon","url":"https:\/\/cicadagin.com\/es\/","logo":{"@type":"ImageObject","inLanguage":"es","@id":"https:\/\/cicadagin.com\/es\/#\/schema\/logo\/image\/","url":"https:\/\/cicadagin.com\/wp-content\/uploads\/2019\/09\/Distillerie-Toulon-100x100-2.png","contentUrl":"https:\/\/cicadagin.com\/wp-content\/uploads\/2019\/09\/Distillerie-Toulon-100x100-2.png","width":200,"height":200,"caption":"Distillerie de Toulon"},"image":{"@id":"https:\/\/cicadagin.com\/es\/#\/schema\/logo\/image\/"},"sameAs":["https:\/\/www.facebook.com\/cicadagindeprovence","https:\/\/www.instagram.com\/cicadagin\/"]}]}},"_links":{"self":[{"href":"https:\/\/cicadagin.com\/es\/wp-json\/wp\/v2\/pages\/21757","targetHints":{"allow":["GET"]}}],"collection":[{"href":"https:\/\/cicadagin.com\/es\/wp-json\/wp\/v2\/pages"}],"about":[{"href":"https:\/\/cicadagin.com\/es\/wp-json\/wp\/v2\/types\/page"}],"author":[{"embeddable":true,"href":"https:\/\/cicadagin.com\/es\/wp-json\/wp\/v2\/users\/2"}],"replies":[{"embeddable":true,"href":"https:\/\/cicadagin.com\/es\/wp-json\/wp\/v2\/comments?post=21757"}],"version-history":[{"count":0,"href":"https:\/\/cicadagin.com\/es\/wp-json\/wp\/v2\/pages\/21757\/revisions"}],"wp:attachment":[{"href":"https:\/\/cicadagin.com\/es\/wp-json\/wp\/v2\/media?parent=21757"}],"curies":[{"name":"wp","href":"https:\/\/api.w.org\/{rel}","templated":true}]}}