{"id":18361,"date":"2019-12-21T11:02:16","date_gmt":"2019-12-21T10:02:16","guid":{"rendered":"https:\/\/cicadagin.com\/die-gins\/"},"modified":"2020-01-01T12:30:24","modified_gmt":"2020-01-01T11:30:24","slug":"gin-provence","status":"publish","type":"page","link":"https:\/\/cicadagin.com\/de\/gin-provence\/","title":{"rendered":"Der Gin"},"content":{"rendered":"<p><div class=\"fusion-fullwidth fullwidth-box fusion-builder-row-1 hundred-percent-fullwidth non-hundred-percent-height-scrolling\" style=\"--awb-border-radius-top-left:0px;--awb-border-radius-top-right:0px;--awb-border-radius-bottom-right:0px;--awb-border-radius-bottom-left:0px;--awb-padding-right:30px;--awb-padding-left:30px;--awb-flex-wrap:wrap;\" ><div class=\"fusion-builder-row fusion-row\"><div class=\"fusion-layout-column fusion_builder_column fusion-builder-column-0 fusion_builder_column_1_1 1_1 fusion-one-full fusion-column-first fusion-column-last fusion-column-no-min-height\" style=\"--awb-bg-size:cover;--awb-margin-bottom:0px;\"><div class=\"fusion-column-wrapper fusion-column-has-shadow fusion-flex-column-wrapper-legacy\"><div class=\"fusion-sep-clear\"><\/div><div class=\"fusion-separator fusion-full-width-sep\" style=\"margin-left: auto;margin-right: auto;margin-top:15px;width:100%;\"><\/div><div class=\"fusion-sep-clear\"><\/div><div class=\"fusion-slider-sc fusion-flexslider-loading flexslider flexslider-hover-type-none\" data-slideshow_autoplay=\"1\" data-slideshow_smooth_height=\"0\" data-slideshow_speed=\"7000\" style=\"max-width:100%;height:100%;\"><ul class=\"slides\"><li class=\"image\"><span class=\"fusion-image-hover-element hover-type-none\"><img decoding=\"async\" src=\"https:\/\/cicadagin.com\/wp-content\/uploads\/2019\/08\/cicada-le-gin-de-provence-4.jpg\" class=\"wp-image-13293\" \/><\/span><\/li><\/ul><\/div><div class=\"fusion-clearfix\"><\/div><\/div><\/div><\/div><\/div><div class=\"fusion-fullwidth fullwidth-box fusion-builder-row-2 hundred-percent-fullwidth non-hundred-percent-height-scrolling\" style=\"--awb-border-radius-top-left:0px;--awb-border-radius-top-right:0px;--awb-border-radius-bottom-right:0px;--awb-border-radius-bottom-left:0px;--awb-padding-right:30px;--awb-padding-left:30px;--awb-flex-wrap:wrap;\" ><div class=\"fusion-builder-row fusion-row\"><div class=\"fusion-layout-column fusion_builder_column fusion-builder-column-1 fusion_builder_column_1_6 1_6 fusion-one-sixth fusion-column-first\" style=\"--awb-bg-size:cover;width:16.666666666667%;width:calc(16.666666666667% - ( ( 4% + 4% + 4% ) * 0.16666666666667 ) );margin-right: 4%;\"><div class=\"fusion-column-wrapper fusion-column-has-shadow fusion-flex-column-wrapper-legacy\"><div class=\"fusion-clearfix\"><\/div><\/div><\/div><div class=\"fusion-layout-column fusion_builder_column fusion-builder-column-2 fusion_builder_column_1_6 1_6 fusion-one-sixth\" style=\"--awb-bg-size:cover;width:16.666666666667%;width:calc(16.666666666667% - ( ( 4% + 4% + 4% ) * 0.16666666666667 ) );margin-right: 4%;\"><div class=\"fusion-column-wrapper fusion-column-has-shadow fusion-flex-column-wrapper-legacy\"><div class=\"fusion-sep-clear\"><\/div><div class=\"fusion-separator fusion-full-width-sep\" style=\"margin-left: auto;margin-right: auto;margin-top:30px;width:100%;\"><\/div><div class=\"fusion-sep-clear\"><\/div><div class=\"fusion-image-element in-legacy-container\" style=\"--awb-caption-title-font-family:var(--h2_typography-font-family);--awb-caption-title-font-weight:var(--h2_typography-font-weight);--awb-caption-title-font-style:var(--h2_typography-font-style);--awb-caption-title-size:var(--h2_typography-font-size);--awb-caption-title-transform:var(--h2_typography-text-transform);--awb-caption-title-line-height:var(--h2_typography-line-height);--awb-caption-title-letter-spacing:var(--h2_typography-letter-spacing);\"><span class=\" fusion-imageframe imageframe-none imageframe-1 hover-type-none\"><img decoding=\"async\" width=\"930\" height=\"1410\" title=\"Cicada-Gin-de-Provence\" src=\"https:\/\/cicadagin.com\/wp-content\/uploads\/2019\/12\/Cicada-Gin-de-Provence.png\" alt class=\"img-responsive wp-image-19053\" srcset=\"https:\/\/cicadagin.com\/wp-content\/uploads\/2019\/12\/Cicada-Gin-de-Provence-200x303.png 200w, https:\/\/cicadagin.com\/wp-content\/uploads\/2019\/12\/Cicada-Gin-de-Provence-400x606.png 400w, https:\/\/cicadagin.com\/wp-content\/uploads\/2019\/12\/Cicada-Gin-de-Provence-600x910.png 600w, https:\/\/cicadagin.com\/wp-content\/uploads\/2019\/12\/Cicada-Gin-de-Provence-800x1213.png 800w, https:\/\/cicadagin.com\/wp-content\/uploads\/2019\/12\/Cicada-Gin-de-Provence.png 930w\" sizes=\"(max-width: 1150px) 100vw, 400px\" \/><\/span><\/div><div class=\"fusion-clearfix\"><\/div><\/div><\/div><div class=\"fusion-layout-column fusion_builder_column fusion-builder-column-3 fusion_builder_column_1_2 1_2 fusion-one-half\" style=\"--awb-bg-size:cover;width:50%;width:calc(50% - ( ( 4% + 4% + 4% ) * 0.5 ) );margin-right: 4%;\"><div class=\"fusion-column-wrapper fusion-column-has-shadow fusion-flex-column-wrapper-legacy\"><div class=\"fusion-sep-clear\"><\/div><div class=\"fusion-separator fusion-full-width-sep\" style=\"margin-left: auto;margin-right: auto;margin-top:100px;width:100%;\"><\/div><div class=\"fusion-sep-clear\"><\/div><div class=\"fusion-text fusion-text-1\"><h1>Der Cicada Dry Gin von Provence : traditionell und mild<\/h1>\n<p>Der klassische Ausdruck der Cicada in 70 cl, abgef\u00fcllt ohne kalte Filtration zu 44,7%, um den ganzen Reichtum seiner Aromen zu erhalten.<\/p>\n<p>Man kann ihn pur \u00fcber Eis oder im Liegen wie einen Cocktail genie\u00dfen. Seine Ausgewogenheit und seine aromatische Kraft, bei der der dominante Charakter des Wacholders durch die anderen Pflanzen in seiner Rezeptur bereichert wird, machen ihn perfekt f\u00fcr die Herstellung von Cocktails, insbesondere Gin Tonic, geeignet.<\/p>\n<p>Mit seinem nuancenreichen Geschmacksprofil setzt er Aromen der Provence und der Garrigue mit einer verf\u00fchrerischen S\u00fc\u00dfe frei.<\/p>\n<\/div><div class=\"fusion-clearfix\"><\/div><\/div><\/div><div class=\"fusion-layout-column fusion_builder_column fusion-builder-column-4 fusion_builder_column_1_6 1_6 fusion-one-sixth fusion-column-last\" style=\"--awb-bg-size:cover;width:16.666666666667%;width:calc(16.666666666667% - ( ( 4% + 4% + 4% ) * 0.16666666666667 ) );\"><div class=\"fusion-column-wrapper fusion-column-has-shadow fusion-flex-column-wrapper-legacy\"><div class=\"fusion-clearfix\"><\/div><\/div><\/div><\/div><\/div><\/p>\n","protected":false},"excerpt":{"rendered":"","protected":false},"author":2,"featured_media":0,"parent":0,"menu_order":0,"comment_status":"closed","ping_status":"closed","template":"100-width.php","meta":{"_acf_changed":false,"footnotes":""},"class_list":["post-18361","page","type-page","status-publish","hentry"],"acf":[],"yoast_head":"<!-- This site is optimized with the Yoast SEO plugin v27.5 - https:\/\/yoast.com\/product\/yoast-seo-wordpress\/ -->\n<title>Cicada Gin de Provence aus der Distillerie de Toulon<\/title>\n<meta name=\"description\" content=\"Entdecken Sie Cicada Gin de Provence hergestellt von der Distillerie de Toulon im Var-Gebiet\" \/>\n<meta name=\"robots\" content=\"index, follow, max-snippet:-1, max-image-preview:large, max-video-preview:-1\" \/>\n<link rel=\"canonical\" href=\"https:\/\/cicadagin.com\/de\/gin-provence\/\" \/>\n<meta property=\"og:locale\" content=\"de_DE\" \/>\n<meta property=\"og:type\" content=\"article\" \/>\n<meta property=\"og:title\" content=\"Cicada Gin de Provence aus der Distillerie de Toulon\" \/>\n<meta property=\"og:description\" content=\"Entdecken Sie Cicada Gin de Provence hergestellt von der Distillerie de Toulon im Var-Gebiet\" \/>\n<meta property=\"og:url\" content=\"https:\/\/cicadagin.com\/de\/gin-provence\/\" \/>\n<meta property=\"og:site_name\" content=\"Gin Cicada\" \/>\n<meta property=\"article:publisher\" content=\"https:\/\/www.facebook.com\/cicadagindeprovence\" \/>\n<meta property=\"article:modified_time\" content=\"2020-01-01T11:30:24+00:00\" \/>\n<meta property=\"og:image\" content=\"https:\/\/cicadagin.com\/wp-content\/uploads\/2019\/12\/Cicada-FB.jpg\" \/>\n\t<meta property=\"og:image:width\" content=\"1159\" \/>\n\t<meta property=\"og:image:height\" content=\"501\" \/>\n\t<meta property=\"og:image:type\" content=\"image\/jpeg\" \/>\n<meta name=\"twitter:card\" content=\"summary_large_image\" \/>\n<meta name=\"twitter:label1\" content=\"Gesch\u00e4tzte Lesezeit\" \/>\n\t<meta name=\"twitter:data1\" content=\"6\u00a0Minuten\" \/>\n<script type=\"application\/ld+json\" class=\"yoast-schema-graph\">{\"@context\":\"https:\\\/\\\/schema.org\",\"@graph\":[{\"@type\":\"WebPage\",\"@id\":\"https:\\\/\\\/cicadagin.com\\\/de\\\/gin-provence\\\/\",\"url\":\"https:\\\/\\\/cicadagin.com\\\/de\\\/gin-provence\\\/\",\"name\":\"Cicada Gin de Provence aus der Distillerie de Toulon\",\"isPartOf\":{\"@id\":\"https:\\\/\\\/cicadagin.com\\\/de\\\/#website\"},\"datePublished\":\"2019-12-21T10:02:16+00:00\",\"dateModified\":\"2020-01-01T11:30:24+00:00\",\"description\":\"Entdecken Sie Cicada Gin de Provence hergestellt von der Distillerie de Toulon im Var-Gebiet\",\"breadcrumb\":{\"@id\":\"https:\\\/\\\/cicadagin.com\\\/de\\\/gin-provence\\\/#breadcrumb\"},\"inLanguage\":\"de\",\"potentialAction\":[{\"@type\":\"ReadAction\",\"target\":[\"https:\\\/\\\/cicadagin.com\\\/de\\\/gin-provence\\\/\"]}]},{\"@type\":\"BreadcrumbList\",\"@id\":\"https:\\\/\\\/cicadagin.com\\\/de\\\/gin-provence\\\/#breadcrumb\",\"itemListElement\":[{\"@type\":\"ListItem\",\"position\":1,\"name\":\"Accueil\",\"item\":\"https:\\\/\\\/cicadagin.com\\\/de\\\/\"},{\"@type\":\"ListItem\",\"position\":2,\"name\":\"Der Gin\"}]},{\"@type\":\"WebSite\",\"@id\":\"https:\\\/\\\/cicadagin.com\\\/de\\\/#website\",\"url\":\"https:\\\/\\\/cicadagin.com\\\/de\\\/\",\"name\":\"Gin Cicada\",\"description\":\"Le Gin qui chante la Provence\",\"publisher\":{\"@id\":\"https:\\\/\\\/cicadagin.com\\\/de\\\/#organization\"},\"potentialAction\":[{\"@type\":\"SearchAction\",\"target\":{\"@type\":\"EntryPoint\",\"urlTemplate\":\"https:\\\/\\\/cicadagin.com\\\/de\\\/?s={search_term_string}\"},\"query-input\":{\"@type\":\"PropertyValueSpecification\",\"valueRequired\":true,\"valueName\":\"search_term_string\"}}],\"inLanguage\":\"de\"},{\"@type\":\"Organization\",\"@id\":\"https:\\\/\\\/cicadagin.com\\\/de\\\/#organization\",\"name\":\"Distillerie de Toulon\",\"url\":\"https:\\\/\\\/cicadagin.com\\\/de\\\/\",\"logo\":{\"@type\":\"ImageObject\",\"inLanguage\":\"de\",\"@id\":\"https:\\\/\\\/cicadagin.com\\\/de\\\/#\\\/schema\\\/logo\\\/image\\\/\",\"url\":\"https:\\\/\\\/cicadagin.com\\\/wp-content\\\/uploads\\\/2019\\\/09\\\/Distillerie-Toulon-100x100-2.png\",\"contentUrl\":\"https:\\\/\\\/cicadagin.com\\\/wp-content\\\/uploads\\\/2019\\\/09\\\/Distillerie-Toulon-100x100-2.png\",\"width\":200,\"height\":200,\"caption\":\"Distillerie de Toulon\"},\"image\":{\"@id\":\"https:\\\/\\\/cicadagin.com\\\/de\\\/#\\\/schema\\\/logo\\\/image\\\/\"},\"sameAs\":[\"https:\\\/\\\/www.facebook.com\\\/cicadagindeprovence\",\"https:\\\/\\\/www.instagram.com\\\/cicadagin\\\/\"]}]}<\/script>\n<!-- \/ Yoast SEO plugin. -->","yoast_head_json":{"title":"Cicada Gin de Provence aus der Distillerie de Toulon","description":"Entdecken Sie Cicada Gin de Provence hergestellt von der Distillerie de Toulon im Var-Gebiet","robots":{"index":"index","follow":"follow","max-snippet":"max-snippet:-1","max-image-preview":"max-image-preview:large","max-video-preview":"max-video-preview:-1"},"canonical":"https:\/\/cicadagin.com\/de\/gin-provence\/","og_locale":"de_DE","og_type":"article","og_title":"Cicada Gin de Provence aus der Distillerie de Toulon","og_description":"Entdecken Sie Cicada Gin de Provence hergestellt von der Distillerie de Toulon im Var-Gebiet","og_url":"https:\/\/cicadagin.com\/de\/gin-provence\/","og_site_name":"Gin Cicada","article_publisher":"https:\/\/www.facebook.com\/cicadagindeprovence","article_modified_time":"2020-01-01T11:30:24+00:00","og_image":[{"width":1159,"height":501,"url":"https:\/\/cicadagin.com\/wp-content\/uploads\/2019\/12\/Cicada-FB.jpg","type":"image\/jpeg"}],"twitter_card":"summary_large_image","twitter_misc":{"Gesch\u00e4tzte Lesezeit":"6\u00a0Minuten"},"schema":{"@context":"https:\/\/schema.org","@graph":[{"@type":"WebPage","@id":"https:\/\/cicadagin.com\/de\/gin-provence\/","url":"https:\/\/cicadagin.com\/de\/gin-provence\/","name":"Cicada Gin de Provence aus der Distillerie de Toulon","isPartOf":{"@id":"https:\/\/cicadagin.com\/de\/#website"},"datePublished":"2019-12-21T10:02:16+00:00","dateModified":"2020-01-01T11:30:24+00:00","description":"Entdecken Sie Cicada Gin de Provence hergestellt von der Distillerie de Toulon im Var-Gebiet","breadcrumb":{"@id":"https:\/\/cicadagin.com\/de\/gin-provence\/#breadcrumb"},"inLanguage":"de","potentialAction":[{"@type":"ReadAction","target":["https:\/\/cicadagin.com\/de\/gin-provence\/"]}]},{"@type":"BreadcrumbList","@id":"https:\/\/cicadagin.com\/de\/gin-provence\/#breadcrumb","itemListElement":[{"@type":"ListItem","position":1,"name":"Accueil","item":"https:\/\/cicadagin.com\/de\/"},{"@type":"ListItem","position":2,"name":"Der Gin"}]},{"@type":"WebSite","@id":"https:\/\/cicadagin.com\/de\/#website","url":"https:\/\/cicadagin.com\/de\/","name":"Gin Cicada","description":"Le Gin qui chante la Provence","publisher":{"@id":"https:\/\/cicadagin.com\/de\/#organization"},"potentialAction":[{"@type":"SearchAction","target":{"@type":"EntryPoint","urlTemplate":"https:\/\/cicadagin.com\/de\/?s={search_term_string}"},"query-input":{"@type":"PropertyValueSpecification","valueRequired":true,"valueName":"search_term_string"}}],"inLanguage":"de"},{"@type":"Organization","@id":"https:\/\/cicadagin.com\/de\/#organization","name":"Distillerie de Toulon","url":"https:\/\/cicadagin.com\/de\/","logo":{"@type":"ImageObject","inLanguage":"de","@id":"https:\/\/cicadagin.com\/de\/#\/schema\/logo\/image\/","url":"https:\/\/cicadagin.com\/wp-content\/uploads\/2019\/09\/Distillerie-Toulon-100x100-2.png","contentUrl":"https:\/\/cicadagin.com\/wp-content\/uploads\/2019\/09\/Distillerie-Toulon-100x100-2.png","width":200,"height":200,"caption":"Distillerie de Toulon"},"image":{"@id":"https:\/\/cicadagin.com\/de\/#\/schema\/logo\/image\/"},"sameAs":["https:\/\/www.facebook.com\/cicadagindeprovence","https:\/\/www.instagram.com\/cicadagin\/"]}]}},"_links":{"self":[{"href":"https:\/\/cicadagin.com\/de\/wp-json\/wp\/v2\/pages\/18361","targetHints":{"allow":["GET"]}}],"collection":[{"href":"https:\/\/cicadagin.com\/de\/wp-json\/wp\/v2\/pages"}],"about":[{"href":"https:\/\/cicadagin.com\/de\/wp-json\/wp\/v2\/types\/page"}],"author":[{"embeddable":true,"href":"https:\/\/cicadagin.com\/de\/wp-json\/wp\/v2\/users\/2"}],"replies":[{"embeddable":true,"href":"https:\/\/cicadagin.com\/de\/wp-json\/wp\/v2\/comments?post=18361"}],"version-history":[{"count":0,"href":"https:\/\/cicadagin.com\/de\/wp-json\/wp\/v2\/pages\/18361\/revisions"}],"wp:attachment":[{"href":"https:\/\/cicadagin.com\/de\/wp-json\/wp\/v2\/media?parent=18361"}],"curies":[{"name":"wp","href":"https:\/\/api.w.org\/{rel}","templated":true}]}}