{"id":18351,"date":"2019-12-21T10:59:54","date_gmt":"2019-12-21T09:59:54","guid":{"rendered":"https:\/\/cicadagin.com\/rechtliche-hinweise\/"},"modified":"2025-08-05T21:35:03","modified_gmt":"2025-08-05T19:35:03","slug":"rechtliche-hinweise","status":"publish","type":"page","link":"https:\/\/cicadagin.com\/de\/rechtliche-hinweise\/","title":{"rendered":"Rechtliche Hinweise"},"content":{"rendered":"<h1>Rechtliche Hinweise<\/h1>\n<h2>Rechtliche Informationen zur Website<\/h2>\n<p>Die Website kann unter folgender Adresse abgerufen werden: http\/www.cicadagin.com wird von der SAS Distillerie de Toulon. Die Website sowie alle damit verbundenen Rechte sind Eigentum der Firma Distillerie de Toulon. Jede Reproduktion, auch teilweise, bedarf der vorherigen Genehmigung des Eigent\u00fcmers. Ausnahmsweise sind jedoch einfache Hypertext-Links auf die Website ohne besondere Aufforderung zul\u00e4ssig.<\/p>\n<p>Name: SAS Distillerie de Toulon<\/p>\n<p>Firmensitz: 4, place Gambetta &#8211; 83000 Toulon &#8211; Telefon: +33 (0)6 61 84 11 86 &#8211; E-Mail: contact@cicadagin.com &#8211; RCS-Registrierungsnummer: 882 005 507 Toulon &#8211; Umsatzsteueridentifikationsnummer: FR 93882005507 &#8211; Gesetzlicher Vertreter: Jean Donnay<\/p>\n<p>Die gesch\u00e4ftsf\u00fchrende Redakteurin ist Frau Martine Donnay, in ihrer Eigenschaft als gesetzliche Vertreterin der SAS Distillerie de Toulon.<\/p>\n<p>Gastgeber der Website: 1+1 Ionos SARL, 7 place de la Gare, 57200 Sarreguemines, Frankreich, www.ionos.fr<\/p>\n<h2>Verwendung der gesammelten pers\u00f6nlichen Daten und Kommentare<\/h2>\n<p>Wenn Sie einen Kommentar auf unserer Website hinterlassen, werden die in das Kommentarformular eingegebenen Daten, Ihre IP-Adresse und der User-Agent Ihres Browsers erfasst, um uns zu helfen, unerw\u00fcnschte Kommentare zu erkennen. Wir verarbeiten personenbezogene Daten nur f\u00fcr festgelegte, eindeutige und rechtm\u00e4\u00dfige Zwecke.<\/p>\n<p>Zu diesem Zweck verfolgt die Distillerie de Toulon die folgenden Ziele:<\/p>\n<p>&#8211; Um die Identit\u00e4t des Kunden oder des Benutzers zu verwalten und zu authentifizieren,<br \/>\n&#8211; Verwalten der Bestellung, &#8211; Rechnungsstellung und Zahlungseingang,<br \/>\n&#8211; Bereitstellung von Pre-Sales- und After-Sales-Service<br \/>\n&#8211; Anspr\u00fcche bearbeiten,<br \/>\n&#8211; Kommunikation f\u00fcr das Kundenmanagement,<br \/>\n&#8211; Rechtsstreitigkeiten managen,<br \/>\n&#8211; Dienstleistungen betreiben.<\/p>\n<p>Ihre Daten werden so lange aufbewahrt, wie es f\u00fcr die Erf\u00fcllung der oben genannten Zwecke erforderlich ist. Was die Verarbeitung im Zusammenhang mit der Durchf\u00fchrung der Transaktion betrifft, so d\u00fcrfen die Daten h\u00f6chstens drei Jahre ab der letzten Transaktion aufbewahrt werden.<\/p>\n<p>Wir verarbeiten Daten auch f\u00fcr andere Zwecke als die strikte Durchf\u00fchrung von Transaktionen. In diesem Fall stellen wir sicher, dass wir ein berechtigtes Interesse an der Durchf\u00fchrung der Verarbeitung haben. Dar\u00fcber hinaus kann die Verarbeitung gegebenenfalls von der Einholung Ihrer Zustimmung abh\u00e4ngig gemacht werden, die Sie jederzeit widerrufen k\u00f6nnen.<\/p>\n<p>Zu diesem Zweck verfolgen wir die folgenden Ziele :<\/p>\n<p>&#8211; Die Organisation von Direktmarketingaktionen,<br \/>\n&#8211; Organisieren Sie den kommerziellen Betrieb,<br \/>\n&#8211; Organisieren Sie Wettbewerbe,<br \/>\n&#8211; Analyse der Nutzung von Angeboten und Dienstleistungen f\u00fcr Statistiken,<br \/>\n&#8211; Befragen Sie Kunden oder Benutzer,<br \/>\n&#8211; Analyse der Nutzung der Angebote, um Kunden und Nutzern Vorschl\u00e4ge zu unterbreiten.<\/p>\n<p>Ihre Daten werden so lange aufbewahrt, wie es f\u00fcr die Erf\u00fcllung der oben genannten Zwecke erforderlich ist.<\/p>\n<p>Die Celtic Whisky Company verarbeitet Ihre Daten auch, um ihren gesetzlichen oder beh\u00f6rdlichen Verpflichtungen nachzukommen.<\/p>\n<p>Zu diesem Zweck verfolgt die Distillerie de Toulon die folgenden Ziele :<br \/>\n&#8211; Zur Aufbewahrung der Daten, die erforderlich sind, um die gesetzlichen Verpflichtungen erf\u00fcllen zu k\u00f6nnen,<br \/>\n&#8211; Verwaltung von Datenoffenlegungsanfragen von autorisierten Beh\u00f6rden<\/p>\n<p>Ihre Daten k\u00f6nnen so lange aufbewahrt werden, wie es notwendig ist, damit die Distillerie de Toulon ihren gesetzlichen Verpflichtungen nachkommen kann.<\/p>\n<h2>Cookies<\/h2>\n<p>Wenn Sie einen Kommentar auf unserer Seite hinterlassen, werden Sie gebeten, Ihren Namen, Ihre E-Mail-Adresse und Ihre Website in Cookies zu speichern. Dies ist nur f\u00fcr Ihre Bequemlichkeit, damit Sie diese Informationen nicht eingeben m\u00fcssen, wenn Sie sp\u00e4ter einen weiteren Kommentar abgeben. Diese Cookies haben eine Verfallszeit von einem Jahr.<br \/>\nWenn Sie ein Konto haben und sich auf dieser Website anmelden, wird ein tempor\u00e4res Cookie erstellt, um festzustellen, ob Ihr Browser Cookies akzeptiert. Sie enth\u00e4lt keine pers\u00f6nlichen Daten und wird automatisch gel\u00f6scht, wenn Sie Ihren Browser schlie\u00dfen.<\/p>\n<p>Wenn Sie sich einloggen, setzen wir eine Reihe von Cookies, um Ihre Login-Daten und Bildschirmeinstellungen zu speichern. Die Lebensdauer eines Login-Cookies betr\u00e4gt zwei Tage, die eines Screen-Option-Cookies ein Jahr. Wenn Sie &#8222;Remember me&#8220; ankreuzen, wird Ihr Login-Cookie zwei Wochen lang gespeichert. Wenn Sie sich von Ihrem Konto abmelden, wird das Login-Cookie gel\u00f6scht.<\/p>\n<p>Beim Bearbeiten oder Einstellen einer Publikation wird ein zus\u00e4tzliches Cookie in Ihrem Browser gespeichert. Dieses Cookie enth\u00e4lt keine pers\u00f6nlichen Daten. Es zeigt einfach die ID der Publikation, die Sie gerade ge\u00e4ndert haben. Sie l\u00e4uft nach einem Tag ab.<\/p>\n<h2>Eingebettete Inhalte von anderen Seiten<\/h2>\n<p>Artikel auf dieser Website k\u00f6nnen eingebettete Inhalte (z.B. Videos, Bilder, Artikel&#8230;) enthalten. Inhalte, die von anderen Websites eingebettet sind, verhalten sich so, als ob der Besucher diese andere Website besuchen w\u00fcrde.<br \/>\nDiese Websites k\u00f6nnen Daten \u00fcber Sie sammeln, Cookies verwenden, Tracking-Tools von Drittanbietern einbetten, Ihre Interaktionen mit solchen eingebetteten Inhalten verfolgen, wenn Sie ein Konto haben, das mit ihrer Website verbunden ist.<\/p>\n<h2>Wie lange speichern sie Ihre Daten ?<\/h2>\n<p>Wenn Sie einen Kommentar hinterlassen, bleiben der Kommentar und seine Metadaten auf unbestimmte Zeit erhalten. Dadurch ist es m\u00f6glich, nachfolgende Kommentare automatisch zu erkennen und freizugeben, anstatt sie in der Moderationswarteschlange zu belassen.<br \/>\nF\u00fcr Benutzer, die sich auf unserer Seite registrieren (wenn m\u00f6glich), speichern wir auch die in ihrem Profil angegebenen pers\u00f6nlichen Daten. Alle Benutzer k\u00f6nnen ihre pers\u00f6nlichen Daten jederzeit einsehen, \u00e4ndern oder l\u00f6schen (mit Ausnahme des Benutzernamens). Die Betreiber der Website k\u00f6nnen diese Informationen ebenfalls einsehen und \u00e4ndern.<\/p>\n<h2>Die Rechte, die Sie an Ihren Daten haben<\/h2>\n<p>Wenn Sie ein Konto haben oder wenn Sie Kommentare auf der Website hinterlassen haben, k\u00f6nnen Sie eine Datei mit allen pers\u00f6nlichen Daten, die wir \u00fcber Sie gespeichert haben, anfordern, einschlie\u00dflich der Daten, die Sie uns zur Verf\u00fcgung gestellt haben. Sie k\u00f6nnen auch die L\u00f6schung Ihrer pers\u00f6nlichen Daten verlangen. Ausgenommen hiervon sind Daten, die zu administrativen, rechtlichen oder Sicherheitszwecken gespeichert werden.<\/p>\n<h2>\u00dcbermittlung Ihrer pers\u00f6nlichen Daten<\/h2>\n<p>Die Kommentare der Besucher k\u00f6nnen mit Hilfe eines automatisierten Dienstes zur Erkennung unerw\u00fcnschter Kommentare \u00fcberpr\u00fcft werden.<\/p>\n<h2>Die Kontaktdaten<\/h2>\n<p>Distillerie de Toulon &#8211; 4, place Gambetta &#8211; 83000 Toulon &#8211; Tel : +33 (0)6 61 84 11 86<\/p>\n","protected":false},"excerpt":{"rendered":"<p>Rechtliche Hinweise Rechtliche Informationen zur Website Die Website kann unter  [&#8230;]<\/p>\n","protected":false},"author":2,"featured_media":0,"parent":0,"menu_order":0,"comment_status":"closed","ping_status":"open","template":"","meta":{"_acf_changed":false,"footnotes":""},"class_list":["post-18351","page","type-page","status-publish","hentry"],"acf":[],"yoast_head":"<!-- This site is optimized with the Yoast SEO plugin v27.5 - https:\/\/yoast.com\/product\/yoast-seo-wordpress\/ -->\n<title>Rechtliche Hinweise - Gin Cicada<\/title>\n<meta name=\"robots\" content=\"index, follow, max-snippet:-1, max-image-preview:large, max-video-preview:-1\" \/>\n<link rel=\"canonical\" href=\"https:\/\/cicadagin.com\/de\/rechtliche-hinweise\/\" \/>\n<meta property=\"og:locale\" content=\"de_DE\" \/>\n<meta property=\"og:type\" content=\"article\" \/>\n<meta property=\"og:title\" content=\"Rechtliche Hinweise - Gin Cicada\" \/>\n<meta property=\"og:description\" content=\"Rechtliche Hinweise Rechtliche Informationen zur Website Die Website kann unter [...]\" \/>\n<meta property=\"og:url\" content=\"https:\/\/cicadagin.com\/de\/rechtliche-hinweise\/\" \/>\n<meta property=\"og:site_name\" content=\"Gin Cicada\" \/>\n<meta property=\"article:publisher\" content=\"https:\/\/www.facebook.com\/cicadagindeprovence\" \/>\n<meta property=\"article:modified_time\" content=\"2025-08-05T19:35:03+00:00\" \/>\n<meta property=\"og:image\" content=\"https:\/\/cicadagin.com\/wp-content\/uploads\/2019\/12\/Cicada-FB.jpg\" \/>\n\t<meta property=\"og:image:width\" content=\"1159\" \/>\n\t<meta property=\"og:image:height\" content=\"501\" \/>\n\t<meta property=\"og:image:type\" content=\"image\/jpeg\" \/>\n<meta name=\"twitter:card\" content=\"summary_large_image\" \/>\n<meta name=\"twitter:label1\" content=\"Gesch\u00e4tzte Lesezeit\" \/>\n\t<meta name=\"twitter:data1\" content=\"5\u00a0Minuten\" \/>\n<script type=\"application\/ld+json\" class=\"yoast-schema-graph\">{\"@context\":\"https:\\\/\\\/schema.org\",\"@graph\":[{\"@type\":\"WebPage\",\"@id\":\"https:\\\/\\\/cicadagin.com\\\/de\\\/rechtliche-hinweise\\\/\",\"url\":\"https:\\\/\\\/cicadagin.com\\\/de\\\/rechtliche-hinweise\\\/\",\"name\":\"Rechtliche Hinweise - Gin Cicada\",\"isPartOf\":{\"@id\":\"https:\\\/\\\/cicadagin.com\\\/de\\\/#website\"},\"datePublished\":\"2019-12-21T09:59:54+00:00\",\"dateModified\":\"2025-08-05T19:35:03+00:00\",\"breadcrumb\":{\"@id\":\"https:\\\/\\\/cicadagin.com\\\/de\\\/rechtliche-hinweise\\\/#breadcrumb\"},\"inLanguage\":\"de\",\"potentialAction\":[{\"@type\":\"ReadAction\",\"target\":[\"https:\\\/\\\/cicadagin.com\\\/de\\\/rechtliche-hinweise\\\/\"]}]},{\"@type\":\"BreadcrumbList\",\"@id\":\"https:\\\/\\\/cicadagin.com\\\/de\\\/rechtliche-hinweise\\\/#breadcrumb\",\"itemListElement\":[{\"@type\":\"ListItem\",\"position\":1,\"name\":\"Accueil\",\"item\":\"https:\\\/\\\/cicadagin.com\\\/de\\\/\"},{\"@type\":\"ListItem\",\"position\":2,\"name\":\"Rechtliche Hinweise\"}]},{\"@type\":\"WebSite\",\"@id\":\"https:\\\/\\\/cicadagin.com\\\/de\\\/#website\",\"url\":\"https:\\\/\\\/cicadagin.com\\\/de\\\/\",\"name\":\"Gin Cicada\",\"description\":\"Le Gin qui chante la Provence\",\"publisher\":{\"@id\":\"https:\\\/\\\/cicadagin.com\\\/de\\\/#organization\"},\"potentialAction\":[{\"@type\":\"SearchAction\",\"target\":{\"@type\":\"EntryPoint\",\"urlTemplate\":\"https:\\\/\\\/cicadagin.com\\\/de\\\/?s={search_term_string}\"},\"query-input\":{\"@type\":\"PropertyValueSpecification\",\"valueRequired\":true,\"valueName\":\"search_term_string\"}}],\"inLanguage\":\"de\"},{\"@type\":\"Organization\",\"@id\":\"https:\\\/\\\/cicadagin.com\\\/de\\\/#organization\",\"name\":\"Distillerie de Toulon\",\"url\":\"https:\\\/\\\/cicadagin.com\\\/de\\\/\",\"logo\":{\"@type\":\"ImageObject\",\"inLanguage\":\"de\",\"@id\":\"https:\\\/\\\/cicadagin.com\\\/de\\\/#\\\/schema\\\/logo\\\/image\\\/\",\"url\":\"https:\\\/\\\/cicadagin.com\\\/wp-content\\\/uploads\\\/2019\\\/09\\\/Distillerie-Toulon-100x100-2.png\",\"contentUrl\":\"https:\\\/\\\/cicadagin.com\\\/wp-content\\\/uploads\\\/2019\\\/09\\\/Distillerie-Toulon-100x100-2.png\",\"width\":200,\"height\":200,\"caption\":\"Distillerie de Toulon\"},\"image\":{\"@id\":\"https:\\\/\\\/cicadagin.com\\\/de\\\/#\\\/schema\\\/logo\\\/image\\\/\"},\"sameAs\":[\"https:\\\/\\\/www.facebook.com\\\/cicadagindeprovence\",\"https:\\\/\\\/www.instagram.com\\\/cicadagin\\\/\"]}]}<\/script>\n<!-- \/ Yoast SEO plugin. -->","yoast_head_json":{"title":"Rechtliche Hinweise - Gin Cicada","robots":{"index":"index","follow":"follow","max-snippet":"max-snippet:-1","max-image-preview":"max-image-preview:large","max-video-preview":"max-video-preview:-1"},"canonical":"https:\/\/cicadagin.com\/de\/rechtliche-hinweise\/","og_locale":"de_DE","og_type":"article","og_title":"Rechtliche Hinweise - Gin Cicada","og_description":"Rechtliche Hinweise Rechtliche Informationen zur Website Die Website kann unter [...]","og_url":"https:\/\/cicadagin.com\/de\/rechtliche-hinweise\/","og_site_name":"Gin Cicada","article_publisher":"https:\/\/www.facebook.com\/cicadagindeprovence","article_modified_time":"2025-08-05T19:35:03+00:00","og_image":[{"width":1159,"height":501,"url":"https:\/\/cicadagin.com\/wp-content\/uploads\/2019\/12\/Cicada-FB.jpg","type":"image\/jpeg"}],"twitter_card":"summary_large_image","twitter_misc":{"Gesch\u00e4tzte Lesezeit":"5\u00a0Minuten"},"schema":{"@context":"https:\/\/schema.org","@graph":[{"@type":"WebPage","@id":"https:\/\/cicadagin.com\/de\/rechtliche-hinweise\/","url":"https:\/\/cicadagin.com\/de\/rechtliche-hinweise\/","name":"Rechtliche Hinweise - Gin Cicada","isPartOf":{"@id":"https:\/\/cicadagin.com\/de\/#website"},"datePublished":"2019-12-21T09:59:54+00:00","dateModified":"2025-08-05T19:35:03+00:00","breadcrumb":{"@id":"https:\/\/cicadagin.com\/de\/rechtliche-hinweise\/#breadcrumb"},"inLanguage":"de","potentialAction":[{"@type":"ReadAction","target":["https:\/\/cicadagin.com\/de\/rechtliche-hinweise\/"]}]},{"@type":"BreadcrumbList","@id":"https:\/\/cicadagin.com\/de\/rechtliche-hinweise\/#breadcrumb","itemListElement":[{"@type":"ListItem","position":1,"name":"Accueil","item":"https:\/\/cicadagin.com\/de\/"},{"@type":"ListItem","position":2,"name":"Rechtliche Hinweise"}]},{"@type":"WebSite","@id":"https:\/\/cicadagin.com\/de\/#website","url":"https:\/\/cicadagin.com\/de\/","name":"Gin Cicada","description":"Le Gin qui chante la Provence","publisher":{"@id":"https:\/\/cicadagin.com\/de\/#organization"},"potentialAction":[{"@type":"SearchAction","target":{"@type":"EntryPoint","urlTemplate":"https:\/\/cicadagin.com\/de\/?s={search_term_string}"},"query-input":{"@type":"PropertyValueSpecification","valueRequired":true,"valueName":"search_term_string"}}],"inLanguage":"de"},{"@type":"Organization","@id":"https:\/\/cicadagin.com\/de\/#organization","name":"Distillerie de Toulon","url":"https:\/\/cicadagin.com\/de\/","logo":{"@type":"ImageObject","inLanguage":"de","@id":"https:\/\/cicadagin.com\/de\/#\/schema\/logo\/image\/","url":"https:\/\/cicadagin.com\/wp-content\/uploads\/2019\/09\/Distillerie-Toulon-100x100-2.png","contentUrl":"https:\/\/cicadagin.com\/wp-content\/uploads\/2019\/09\/Distillerie-Toulon-100x100-2.png","width":200,"height":200,"caption":"Distillerie de Toulon"},"image":{"@id":"https:\/\/cicadagin.com\/de\/#\/schema\/logo\/image\/"},"sameAs":["https:\/\/www.facebook.com\/cicadagindeprovence","https:\/\/www.instagram.com\/cicadagin\/"]}]}},"_links":{"self":[{"href":"https:\/\/cicadagin.com\/de\/wp-json\/wp\/v2\/pages\/18351","targetHints":{"allow":["GET"]}}],"collection":[{"href":"https:\/\/cicadagin.com\/de\/wp-json\/wp\/v2\/pages"}],"about":[{"href":"https:\/\/cicadagin.com\/de\/wp-json\/wp\/v2\/types\/page"}],"author":[{"embeddable":true,"href":"https:\/\/cicadagin.com\/de\/wp-json\/wp\/v2\/users\/2"}],"replies":[{"embeddable":true,"href":"https:\/\/cicadagin.com\/de\/wp-json\/wp\/v2\/comments?post=18351"}],"version-history":[{"count":0,"href":"https:\/\/cicadagin.com\/de\/wp-json\/wp\/v2\/pages\/18351\/revisions"}],"wp:attachment":[{"href":"https:\/\/cicadagin.com\/de\/wp-json\/wp\/v2\/media?parent=18351"}],"curies":[{"name":"wp","href":"https:\/\/api.w.org\/{rel}","templated":true}]}}